{"id":766,"date":"2026-01-29T20:43:58","date_gmt":"2026-01-29T17:43:58","guid":{"rendered":"https:\/\/hammerwelding.com.tr\/?page_id=766"},"modified":"2026-01-29T22:18:11","modified_gmt":"2026-01-29T19:18:11","slug":"bombe-bukum","status":"publish","type":"page","link":"https:\/\/hammerwelding.com.tr\/index.php\/proseslerimiz-14\/bukum\/bombe-bukum\/","title":{"rendered":"Bombe B\u00fck\u00fcm"},"content":{"rendered":"\t\t<div data-elementor-type=\"wp-page\" data-elementor-id=\"766\" class=\"elementor elementor-766\" data-elementor-post-type=\"page\">\n\t\t\t\t<div class=\"elementor-element elementor-element-51c2677 e-flex e-con-boxed e-con e-parent\" data-id=\"51c2677\" data-element_type=\"container\" data-e-type=\"container\">\n\t\t\t\t\t<div class=\"e-con-inner\">\n\t\t\t\t<div class=\"elementor-element elementor-element-19a394c elementor-widget elementor-widget-text-editor\" data-id=\"19a394c\" data-element_type=\"widget\" data-e-type=\"widget\" data-widget_type=\"text-editor.default\">\n\t\t\t\t<div class=\"elementor-widget-container\">\n\t\t\t\t\t\t\t\t\t<p>Ak\u0131c\u0131 Form, Dengeli G\u00fc\u00e7.<\/p>\t\t\t\t\t\t\t\t<\/div>\n\t\t\t\t<\/div>\n\t\t\t\t<div class=\"elementor-element elementor-element-f69efbc elementor-widget elementor-widget-text-editor\" data-id=\"f69efbc\" data-element_type=\"widget\" data-e-type=\"widget\" data-widget_type=\"text-editor.default\">\n\t\t\t\t<div class=\"elementor-widget-container\">\n\t\t\t\t\t\t\t\t\t<p data-start=\"108\" data-end=\"311\"><strong data-start=\"108\" data-end=\"123\">Bombe b\u00fck\u00fcm<\/strong>, metal sac ve profillerin dairesel ya da kavisli formda \u015fekillendirilmesini sa\u011flayan \u00f6zel bir b\u00fck\u00fcm y\u00f6ntemidir. Genellikle estetik ve ak\u0131\u015fkan y\u00fczey gerektiren uygulamalarda tercih edilir.<\/p><p data-start=\"313\" data-end=\"497\">Bu i\u015flem, silindir makineleri yard\u0131m\u0131yla malzemenin kontroll\u00fc ve homojen \u015fekilde b\u00fck\u00fclmesini sa\u011flar. B\u00fcy\u00fck \u00e7apl\u0131 ve uzun par\u00e7alar, y\u00fczey bozulmas\u0131 olmadan istenilen formda elde edilir.<\/p><p data-start=\"499\" data-end=\"711\">Bombe b\u00fck\u00fcm; \u00e7elik konstr\u00fcksiyon, ara\u00e7 \u00fcst\u00fc ekipmanlar ve end\u00fcstriyel imalat projelerinde yayg\u0131n olarak kullan\u0131l\u0131r. Do\u011fru ayarlama ve tecr\u00fcbe, form hassasiyeti ve \u00f6l\u00e7\u00fc s\u00fcreklili\u011fi a\u00e7\u0131s\u0131ndan kritik \u00f6neme sahiptir.<\/p>\t\t\t\t\t\t\t\t<\/div>\n\t\t\t\t<\/div>\n\t\t\t\t<div class=\"elementor-element elementor-element-e4f86bf elementor-arrows-position-inside elementor-pagination-position-outside elementor-widget elementor-widget-image-carousel\" data-id=\"e4f86bf\" data-element_type=\"widget\" data-e-type=\"widget\" data-settings=\"{&quot;navigation&quot;:&quot;both&quot;,&quot;autoplay&quot;:&quot;yes&quot;,&quot;pause_on_hover&quot;:&quot;yes&quot;,&quot;pause_on_interaction&quot;:&quot;yes&quot;,&quot;autoplay_speed&quot;:5000,&quot;infinite&quot;:&quot;yes&quot;,&quot;speed&quot;:500,&quot;image_spacing_custom&quot;:{&quot;unit&quot;:&quot;px&quot;,&quot;size&quot;:20,&quot;sizes&quot;:[]},&quot;image_spacing_custom_tablet&quot;:{&quot;unit&quot;:&quot;px&quot;,&quot;size&quot;:&quot;&quot;,&quot;sizes&quot;:[]},&quot;image_spacing_custom_mobile&quot;:{&quot;unit&quot;:&quot;px&quot;,&quot;size&quot;:&quot;&quot;,&quot;sizes&quot;:[]}}\" data-widget_type=\"image-carousel.default\">\n\t\t\t\t<div class=\"elementor-widget-container\">\n\t\t\t\t\t\t\t<div class=\"elementor-image-carousel-wrapper swiper\" role=\"region\" aria-roledescription=\"carousel\" aria-label=\"Resim D\u00f6ng\u00fcs\u00fc\" dir=\"ltr\">\n\t\t\t<div class=\"elementor-image-carousel swiper-wrapper\" aria-live=\"off\">\n\t\t\t\t\t\t\t\t<div class=\"swiper-slide\" role=\"group\" aria-roledescription=\"slide\" aria-label=\"1 \/ 3\"><figure class=\"swiper-slide-inner\"><img decoding=\"async\" class=\"swiper-slide-image\" src=\"https:\/\/hammerwelding.com.tr\/wp-content\/uploads\/2026\/01\/ChatGPT-Image-29-Oca-2026-22_09_32.png\" alt=\"Bombe B\u00fck\u00fcm Foto\u011fraf\u0131\" \/><\/figure><\/div><div class=\"swiper-slide\" role=\"group\" aria-roledescription=\"slide\" aria-label=\"2 \/ 3\"><figure class=\"swiper-slide-inner\"><img decoding=\"async\" class=\"swiper-slide-image\" src=\"https:\/\/hammerwelding.com.tr\/wp-content\/uploads\/2026\/01\/ChatGPT-Image-29-Oca-2026-22_11_25.png\" alt=\"Bombe B\u00fck\u00fcm Foto\u011fraf\u0131\" \/><\/figure><\/div><div class=\"swiper-slide\" role=\"group\" aria-roledescription=\"slide\" aria-label=\"3 \/ 3\"><figure class=\"swiper-slide-inner\"><img decoding=\"async\" class=\"swiper-slide-image\" src=\"https:\/\/hammerwelding.com.tr\/wp-content\/uploads\/2026\/01\/ChatGPT-Image-29-Oca-2026-22_17_59.png\" alt=\"ChatGPT Image 29 Oca 2026 22_17_59\" \/><\/figure><\/div>\t\t\t<\/div>\n\t\t\t\t\t\t\t\t\t\t\t\t<div class=\"elementor-swiper-button elementor-swiper-button-prev\" role=\"button\" tabindex=\"0\">\n\t\t\t\t\t\t<svg aria-hidden=\"true\" class=\"e-font-icon-svg e-eicon-chevron-left\" viewBox=\"0 0 1000 1000\" xmlns=\"http:\/\/www.w3.org\/2000\/svg\"><path d=\"M646 125C629 125 613 133 604 142L308 442C296 454 292 471 292 487 292 504 296 521 308 533L604 854C617 867 629 875 646 875 663 875 679 871 692 858 704 846 713 829 713 812 713 796 708 779 692 767L438 487 692 225C700 217 708 204 708 187 708 171 704 154 692 142 675 129 663 125 646 125Z\"><\/path><\/svg>\t\t\t\t\t<\/div>\n\t\t\t\t\t<div class=\"elementor-swiper-button elementor-swiper-button-next\" role=\"button\" tabindex=\"0\">\n\t\t\t\t\t\t<svg aria-hidden=\"true\" class=\"e-font-icon-svg e-eicon-chevron-right\" viewBox=\"0 0 1000 1000\" xmlns=\"http:\/\/www.w3.org\/2000\/svg\"><path d=\"M696 533C708 521 713 504 713 487 713 471 708 454 696 446L400 146C388 133 375 125 354 125 338 125 325 129 313 142 300 154 292 171 292 187 292 204 296 221 308 233L563 492 304 771C292 783 288 800 288 817 288 833 296 850 308 863 321 871 338 875 354 875 371 875 388 867 400 854L696 533Z\"><\/path><\/svg>\t\t\t\t\t<\/div>\n\t\t\t\t\n\t\t\t\t\t\t\t\t\t<div class=\"swiper-pagination\"><\/div>\n\t\t\t\t\t\t\t\t\t<\/div>\n\t\t\t\t\t\t<\/div>\n\t\t\t\t<\/div>\n\t\t\t\t\t<\/div>\n\t\t\t\t<\/div>\n\t\t\t\t<\/div>\n\t\t","protected":false},"excerpt":{"rendered":"<p>Ak\u0131c\u0131 Form, Dengeli G\u00fc\u00e7. Bombe b\u00fck\u00fcm, metal sac ve profillerin dairesel ya da kavisli formda \u015fekillendirilmesini sa\u011flayan \u00f6zel bir b\u00fck\u00fcm y\u00f6ntemidir. Genellikle estetik ve ak\u0131\u015fkan y\u00fczey gerektiren uygulamalarda tercih edilir. Bu i\u015flem, silindir makineleri yard\u0131m\u0131yla malzemenin kontroll\u00fc ve homojen \u015fekilde b\u00fck\u00fclmesini sa\u011flar. B\u00fcy\u00fck \u00e7apl\u0131 ve uzun par\u00e7alar, y\u00fczey bozulmas\u0131 olmadan istenilen formda elde edilir. Bombe [&hellip;]<\/p>\n","protected":false},"author":1,"featured_media":0,"parent":293,"menu_order":0,"comment_status":"closed","ping_status":"closed","template":"","meta":{"footnotes":""},"class_list":["post-766","page","type-page","status-publish","hentry"],"_links":{"self":[{"href":"https:\/\/hammerwelding.com.tr\/index.php\/wp-json\/wp\/v2\/pages\/766","targetHints":{"allow":["GET"]}}],"collection":[{"href":"https:\/\/hammerwelding.com.tr\/index.php\/wp-json\/wp\/v2\/pages"}],"about":[{"href":"https:\/\/hammerwelding.com.tr\/index.php\/wp-json\/wp\/v2\/types\/page"}],"author":[{"embeddable":true,"href":"https:\/\/hammerwelding.com.tr\/index.php\/wp-json\/wp\/v2\/users\/1"}],"replies":[{"embeddable":true,"href":"https:\/\/hammerwelding.com.tr\/index.php\/wp-json\/wp\/v2\/comments?post=766"}],"version-history":[{"count":7,"href":"https:\/\/hammerwelding.com.tr\/index.php\/wp-json\/wp\/v2\/pages\/766\/revisions"}],"predecessor-version":[{"id":791,"href":"https:\/\/hammerwelding.com.tr\/index.php\/wp-json\/wp\/v2\/pages\/766\/revisions\/791"}],"up":[{"embeddable":true,"href":"https:\/\/hammerwelding.com.tr\/index.php\/wp-json\/wp\/v2\/pages\/293"}],"wp:attachment":[{"href":"https:\/\/hammerwelding.com.tr\/index.php\/wp-json\/wp\/v2\/media?parent=766"}],"curies":[{"name":"wp","href":"https:\/\/api.w.org\/{rel}","templated":true}]}}