{"id":600,"date":"2025-06-26T21:42:00","date_gmt":"2025-06-26T18:42:00","guid":{"rendered":"https:\/\/hammerwelding.com.tr\/?page_id=600"},"modified":"2026-02-04T12:20:49","modified_gmt":"2026-02-04T09:20:49","slug":"kalite-belgeleri","status":"publish","type":"page","link":"https:\/\/hammerwelding.com.tr\/index.php\/kalite-belgeleri\/","title":{"rendered":"Kalite Belgeleri"},"content":{"rendered":"\t\t<div data-elementor-type=\"wp-page\" data-elementor-id=\"600\" class=\"elementor elementor-600\" data-elementor-post-type=\"page\">\n\t\t\t\t\t\t<section class=\"elementor-section elementor-top-section elementor-element elementor-element-8b78020 elementor-section-full_width elementor-section-height-default elementor-section-height-default\" data-id=\"8b78020\" data-element_type=\"section\" data-e-type=\"section\">\n\t\t\t\t\t\t\t<div class=\"elementor-background-overlay\"><\/div>\n\t\t\t\t\t\t\t<div class=\"elementor-container elementor-column-gap-default\">\n\t\t\t\t\t<div class=\"elementor-column elementor-col-100 elementor-top-column elementor-element elementor-element-05993fe\" data-id=\"05993fe\" data-element_type=\"column\" data-e-type=\"column\">\n\t\t\t<div class=\"elementor-widget-wrap elementor-element-populated\">\n\t\t\t\t\t\t\t<\/div>\n\t\t<\/div>\n\t\t\t\t\t<\/div>\n\t\t<\/section>\n\t\t<div class=\"elementor-element elementor-element-e940396 e-flex e-con-boxed e-con e-parent\" data-id=\"e940396\" data-element_type=\"container\" data-e-type=\"container\">\n\t\t\t\t\t<div class=\"e-con-inner\">\n\t\t\t\t<div class=\"elementor-element elementor-element-818fee5 elementor-widget elementor-widget-text-editor\" data-id=\"818fee5\" data-element_type=\"widget\" data-e-type=\"widget\" data-widget_type=\"text-editor.default\">\n\t\t\t\t<div class=\"elementor-widget-container\">\n\t\t\t\t\t\t\t\t\t<p data-start=\"237\" data-end=\"513\">Hammer Welding olarak, \u00fcretim s\u00fcre\u00e7lerimizde y\u00fcksek kalite standartlar\u0131n\u0131 esas al\u0131yor, m\u00fc\u015fteri memnuniyetini ve s\u00fcrd\u00fcr\u00fclebilirli\u011fi \u00f6n planda tutuyoruz. Bu anlay\u0131\u015f\u0131m\u0131z\u0131 uluslararas\u0131 ge\u00e7erlili\u011fe sahip kalite belgeleriyle ta\u00e7land\u0131rarak, sekt\u00f6rdeki g\u00fcvenilirli\u011fimizi belgeliyoruz.<\/p><p data-start=\"515\" data-end=\"834\">Firmam\u0131z; <strong data-start=\"525\" data-end=\"565\">ISO 9001:2015 Kalite Y\u00f6netim Sistemi<\/strong>, <strong data-start=\"567\" data-end=\"607\">ISO 14001:2015 \u00c7evre Y\u00f6netim Sistemi<\/strong>, <strong data-start=\"609\" data-end=\"667\">ISO 45001:2018 \u0130\u015f Sa\u011fl\u0131\u011f\u0131 ve G\u00fcvenli\u011fi Y\u00f6netim Sistemi<\/strong>, <strong data-start=\"669\" data-end=\"714\">EN ISO 3834-2 Kaynakl\u0131 \u0130malat Yeterlili\u011fi<\/strong> ve <strong data-start=\"718\" data-end=\"762\">EN 1090-2 \u00c7elik Yap\u0131 Bile\u015fenleri \u0130malat\u0131<\/strong> gibi \u00f6nemli standartlara uygunlu\u011funu kan\u0131tlayan sertifikalara sahiptir.<\/p><p data-start=\"836\" data-end=\"1038\">Bu belgeler; i\u015f makineleri komponentleri imalat\u0131nda kalite, \u00e7evre duyarl\u0131l\u0131\u011f\u0131, i\u015f g\u00fcvenli\u011fi, kaynakl\u0131 imalatta yetkinlik ve Avrupa normlar\u0131na uygunluk konular\u0131nda g\u00f6sterdi\u011fimiz titizli\u011fi yans\u0131tmaktad\u0131r.<\/p><p data-start=\"1040\" data-end=\"1208\"><strong data-start=\"1040\" data-end=\"1208\">Kaliteye verdi\u011fimiz \u00f6nemin bir g\u00f6stergesi olan bu sertifikalar, m\u00fc\u015fterilerimize sundu\u011fumuz g\u00fcvenceyi ve uluslararas\u0131 rekabetteki g\u00fc\u00e7l\u00fc duru\u015fumuzu temsil etmektedir.<\/strong><\/p><p data-start=\"1210\" data-end=\"1267\">Belgelerimizi a\u015fa\u011f\u0131dan detayl\u0131 olarak inceleyebilirsiniz.<\/p>\t\t\t\t\t\t\t\t<\/div>\n\t\t\t\t<\/div>\n\t\t\t\t\t<\/div>\n\t\t\t\t<\/div>\n\t\t<div class=\"elementor-element elementor-element-968fe13 e-flex e-con-boxed e-con e-parent\" data-id=\"968fe13\" data-element_type=\"container\" data-e-type=\"container\">\n\t\t\t\t\t<div class=\"e-con-inner\">\n\t\t<div class=\"elementor-element elementor-element-b4c295f e-con-full e-flex e-con e-child\" data-id=\"b4c295f\" data-element_type=\"container\" data-e-type=\"container\">\n\t\t\t\t<div class=\"elementor-element elementor-element-d4f9398 elementor-widget elementor-widget-image\" data-id=\"d4f9398\" data-element_type=\"widget\" data-e-type=\"widget\" data-widget_type=\"image.default\">\n\t\t\t\t<div class=\"elementor-widget-container\">\n\t\t\t\t\t\t\t\t\t\t\t\t\t\t\t<img loading=\"lazy\" decoding=\"async\" width=\"724\" height=\"1024\" src=\"https:\/\/hammerwelding.com.tr\/wp-content\/uploads\/2025\/06\/Hammer-Welding-9001-2023_Sayfa_1-724x1024.jpg\" class=\"attachment-large size-large wp-image-644\" alt=\"\" srcset=\"https:\/\/hammerwelding.com.tr\/wp-content\/uploads\/2025\/06\/Hammer-Welding-9001-2023_Sayfa_1-724x1024.jpg 724w, https:\/\/hammerwelding.com.tr\/wp-content\/uploads\/2025\/06\/Hammer-Welding-9001-2023_Sayfa_1-212x300.jpg 212w, https:\/\/hammerwelding.com.tr\/wp-content\/uploads\/2025\/06\/Hammer-Welding-9001-2023_Sayfa_1-768x1087.jpg 768w, https:\/\/hammerwelding.com.tr\/wp-content\/uploads\/2025\/06\/Hammer-Welding-9001-2023_Sayfa_1.jpg 810w\" sizes=\"auto, (max-width: 724px) 100vw, 724px\" \/>\t\t\t\t\t\t\t\t\t\t\t\t\t\t\t<\/div>\n\t\t\t\t<\/div>\n\t\t\t\t<\/div>\n\t\t<div class=\"elementor-element elementor-element-4128ff8 e-con-full e-flex e-con e-child\" data-id=\"4128ff8\" data-element_type=\"container\" data-e-type=\"container\">\n\t\t\t\t<div class=\"elementor-element elementor-element-f677230 elementor-widget elementor-widget-image\" data-id=\"f677230\" data-element_type=\"widget\" data-e-type=\"widget\" data-widget_type=\"image.default\">\n\t\t\t\t<div class=\"elementor-widget-container\">\n\t\t\t\t\t\t\t\t\t\t\t\t\t\t\t<img loading=\"lazy\" decoding=\"async\" width=\"724\" height=\"1024\" src=\"https:\/\/hammerwelding.com.tr\/wp-content\/uploads\/2025\/06\/Hammer-Welding-14001-2023_Sayfa_2-724x1024.jpg\" class=\"attachment-large size-large wp-image-650\" alt=\"\" srcset=\"https:\/\/hammerwelding.com.tr\/wp-content\/uploads\/2025\/06\/Hammer-Welding-14001-2023_Sayfa_2-724x1024.jpg 724w, https:\/\/hammerwelding.com.tr\/wp-content\/uploads\/2025\/06\/Hammer-Welding-14001-2023_Sayfa_2-212x300.jpg 212w, https:\/\/hammerwelding.com.tr\/wp-content\/uploads\/2025\/06\/Hammer-Welding-14001-2023_Sayfa_2-768x1087.jpg 768w, https:\/\/hammerwelding.com.tr\/wp-content\/uploads\/2025\/06\/Hammer-Welding-14001-2023_Sayfa_2.jpg 810w\" sizes=\"auto, (max-width: 724px) 100vw, 724px\" \/>\t\t\t\t\t\t\t\t\t\t\t\t\t\t\t<\/div>\n\t\t\t\t<\/div>\n\t\t\t\t<\/div>\n\t\t<div class=\"elementor-element elementor-element-fb91e5d e-con-full e-flex e-con e-child\" data-id=\"fb91e5d\" data-element_type=\"container\" data-e-type=\"container\">\n\t\t\t\t<div class=\"elementor-element elementor-element-ffef9b5 elementor-widget elementor-widget-image\" data-id=\"ffef9b5\" data-element_type=\"widget\" data-e-type=\"widget\" data-widget_type=\"image.default\">\n\t\t\t\t<div class=\"elementor-widget-container\">\n\t\t\t\t\t\t\t\t\t\t\t\t\t\t\t<img loading=\"lazy\" decoding=\"async\" width=\"724\" height=\"1024\" src=\"https:\/\/hammerwelding.com.tr\/wp-content\/uploads\/2025\/06\/Hammer-Welding-45001-2023_Sayfa_2-724x1024.jpg\" class=\"attachment-large size-large wp-image-654\" alt=\"\" srcset=\"https:\/\/hammerwelding.com.tr\/wp-content\/uploads\/2025\/06\/Hammer-Welding-45001-2023_Sayfa_2-724x1024.jpg 724w, https:\/\/hammerwelding.com.tr\/wp-content\/uploads\/2025\/06\/Hammer-Welding-45001-2023_Sayfa_2-212x300.jpg 212w, https:\/\/hammerwelding.com.tr\/wp-content\/uploads\/2025\/06\/Hammer-Welding-45001-2023_Sayfa_2-768x1087.jpg 768w, https:\/\/hammerwelding.com.tr\/wp-content\/uploads\/2025\/06\/Hammer-Welding-45001-2023_Sayfa_2.jpg 810w\" sizes=\"auto, (max-width: 724px) 100vw, 724px\" \/>\t\t\t\t\t\t\t\t\t\t\t\t\t\t\t<\/div>\n\t\t\t\t<\/div>\n\t\t\t\t<\/div>\n\t\t\t\t\t<\/div>\n\t\t\t\t<\/div>\n\t\t<div class=\"elementor-element elementor-element-f3fbf06 e-flex e-con-boxed e-con e-parent\" data-id=\"f3fbf06\" data-element_type=\"container\" data-e-type=\"container\">\n\t\t\t\t\t<div class=\"e-con-inner\">\n\t\t<div class=\"elementor-element elementor-element-8730901 e-con-full e-flex e-con e-child\" data-id=\"8730901\" data-element_type=\"container\" data-e-type=\"container\">\n\t\t\t\t<div class=\"elementor-element elementor-element-6489522 elementor-widget elementor-widget-image\" data-id=\"6489522\" data-element_type=\"widget\" data-e-type=\"widget\" data-widget_type=\"image.default\">\n\t\t\t\t<div class=\"elementor-widget-container\">\n\t\t\t\t\t\t\t\t\t\t\t\t\t\t\t<img loading=\"lazy\" decoding=\"async\" width=\"724\" height=\"1024\" src=\"https:\/\/hammerwelding.com.tr\/wp-content\/uploads\/2025\/06\/HAMMER-WELDING-EN-ISO-3834-2-724x1024.jpg\" class=\"attachment-large size-large wp-image-660\" alt=\"\" srcset=\"https:\/\/hammerwelding.com.tr\/wp-content\/uploads\/2025\/06\/HAMMER-WELDING-EN-ISO-3834-2-724x1024.jpg 724w, https:\/\/hammerwelding.com.tr\/wp-content\/uploads\/2025\/06\/HAMMER-WELDING-EN-ISO-3834-2-212x300.jpg 212w, https:\/\/hammerwelding.com.tr\/wp-content\/uploads\/2025\/06\/HAMMER-WELDING-EN-ISO-3834-2-768x1086.jpg 768w, https:\/\/hammerwelding.com.tr\/wp-content\/uploads\/2025\/06\/HAMMER-WELDING-EN-ISO-3834-2-1086x1536.jpg 1086w, https:\/\/hammerwelding.com.tr\/wp-content\/uploads\/2025\/06\/HAMMER-WELDING-EN-ISO-3834-2-1448x2048.jpg 1448w, https:\/\/hammerwelding.com.tr\/wp-content\/uploads\/2025\/06\/HAMMER-WELDING-EN-ISO-3834-2-scaled.jpg 1810w\" sizes=\"auto, (max-width: 724px) 100vw, 724px\" \/>\t\t\t\t\t\t\t\t\t\t\t\t\t\t\t<\/div>\n\t\t\t\t<\/div>\n\t\t\t\t<\/div>\n\t\t<div class=\"elementor-element elementor-element-e430fd7 e-con-full e-flex e-con e-child\" data-id=\"e430fd7\" data-element_type=\"container\" data-e-type=\"container\">\n\t\t\t\t<div class=\"elementor-element elementor-element-332a5bf elementor-widget elementor-widget-image\" data-id=\"332a5bf\" data-element_type=\"widget\" data-e-type=\"widget\" data-widget_type=\"image.default\">\n\t\t\t\t<div class=\"elementor-widget-container\">\n\t\t\t\t\t\t\t\t\t\t\t\t\t\t\t<img loading=\"lazy\" decoding=\"async\" width=\"724\" height=\"1024\" src=\"https:\/\/hammerwelding.com.tr\/wp-content\/uploads\/2025\/06\/HAMMER-WELDING-EN-ISO-3834-2-ANNEX-1-724x1024.jpg\" class=\"attachment-large size-large wp-image-658\" alt=\"\" srcset=\"https:\/\/hammerwelding.com.tr\/wp-content\/uploads\/2025\/06\/HAMMER-WELDING-EN-ISO-3834-2-ANNEX-1-724x1024.jpg 724w, https:\/\/hammerwelding.com.tr\/wp-content\/uploads\/2025\/06\/HAMMER-WELDING-EN-ISO-3834-2-ANNEX-1-212x300.jpg 212w, https:\/\/hammerwelding.com.tr\/wp-content\/uploads\/2025\/06\/HAMMER-WELDING-EN-ISO-3834-2-ANNEX-1-768x1086.jpg 768w, https:\/\/hammerwelding.com.tr\/wp-content\/uploads\/2025\/06\/HAMMER-WELDING-EN-ISO-3834-2-ANNEX-1-1086x1536.jpg 1086w, https:\/\/hammerwelding.com.tr\/wp-content\/uploads\/2025\/06\/HAMMER-WELDING-EN-ISO-3834-2-ANNEX-1-1448x2048.jpg 1448w, https:\/\/hammerwelding.com.tr\/wp-content\/uploads\/2025\/06\/HAMMER-WELDING-EN-ISO-3834-2-ANNEX-1-scaled.jpg 1810w\" sizes=\"auto, (max-width: 724px) 100vw, 724px\" \/>\t\t\t\t\t\t\t\t\t\t\t\t\t\t\t<\/div>\n\t\t\t\t<\/div>\n\t\t\t\t<\/div>\n\t\t<div class=\"elementor-element elementor-element-0e0ab23 e-con-full e-flex e-con e-child\" data-id=\"0e0ab23\" data-element_type=\"container\" data-e-type=\"container\">\n\t\t\t\t<div class=\"elementor-element elementor-element-d7a0e46 elementor-widget elementor-widget-image\" data-id=\"d7a0e46\" data-element_type=\"widget\" data-e-type=\"widget\" data-widget_type=\"image.default\">\n\t\t\t\t<div class=\"elementor-widget-container\">\n\t\t\t\t\t\t\t\t\t\t\t\t\t\t\t<img loading=\"lazy\" decoding=\"async\" width=\"724\" height=\"1024\" src=\"https:\/\/hammerwelding.com.tr\/wp-content\/uploads\/2025\/06\/HAMMER-WELDING-EN-1090-724x1024.jpg\" class=\"attachment-large size-large wp-image-656\" alt=\"\" srcset=\"https:\/\/hammerwelding.com.tr\/wp-content\/uploads\/2025\/06\/HAMMER-WELDING-EN-1090-724x1024.jpg 724w, https:\/\/hammerwelding.com.tr\/wp-content\/uploads\/2025\/06\/HAMMER-WELDING-EN-1090-212x300.jpg 212w, https:\/\/hammerwelding.com.tr\/wp-content\/uploads\/2025\/06\/HAMMER-WELDING-EN-1090-768x1086.jpg 768w, https:\/\/hammerwelding.com.tr\/wp-content\/uploads\/2025\/06\/HAMMER-WELDING-EN-1090-1086x1536.jpg 1086w, https:\/\/hammerwelding.com.tr\/wp-content\/uploads\/2025\/06\/HAMMER-WELDING-EN-1090-1448x2048.jpg 1448w, https:\/\/hammerwelding.com.tr\/wp-content\/uploads\/2025\/06\/HAMMER-WELDING-EN-1090-scaled.jpg 1810w\" sizes=\"auto, (max-width: 724px) 100vw, 724px\" \/>\t\t\t\t\t\t\t\t\t\t\t\t\t\t\t<\/div>\n\t\t\t\t<\/div>\n\t\t\t\t<\/div>\n\t\t\t\t\t<\/div>\n\t\t\t\t<\/div>\n\t\t<div class=\"elementor-element elementor-element-67073f9 e-flex e-con-boxed e-con e-parent\" data-id=\"67073f9\" data-element_type=\"container\" data-e-type=\"container\">\n\t\t\t\t\t<div class=\"e-con-inner\">\n\t\t<div class=\"elementor-element elementor-element-4797fe9 e-con-full e-flex e-con e-child\" data-id=\"4797fe9\" data-element_type=\"container\" data-e-type=\"container\">\n\t\t\t\t<div class=\"elementor-element elementor-element-35e873e elementor-widget elementor-widget-image\" data-id=\"35e873e\" data-element_type=\"widget\" data-e-type=\"widget\" data-widget_type=\"image.default\">\n\t\t\t\t<div class=\"elementor-widget-container\">\n\t\t\t\t\t\t\t\t\t\t\t\t\t\t\t<img loading=\"lazy\" decoding=\"async\" width=\"724\" height=\"1024\" src=\"https:\/\/hammerwelding.com.tr\/wp-content\/uploads\/2025\/06\/HAMMER-WELDING-EN-ISO-3834-2-724x1024.jpg\" class=\"attachment-large size-large wp-image-660\" alt=\"\" srcset=\"https:\/\/hammerwelding.com.tr\/wp-content\/uploads\/2025\/06\/HAMMER-WELDING-EN-ISO-3834-2-724x1024.jpg 724w, https:\/\/hammerwelding.com.tr\/wp-content\/uploads\/2025\/06\/HAMMER-WELDING-EN-ISO-3834-2-212x300.jpg 212w, https:\/\/hammerwelding.com.tr\/wp-content\/uploads\/2025\/06\/HAMMER-WELDING-EN-ISO-3834-2-768x1086.jpg 768w, https:\/\/hammerwelding.com.tr\/wp-content\/uploads\/2025\/06\/HAMMER-WELDING-EN-ISO-3834-2-1086x1536.jpg 1086w, https:\/\/hammerwelding.com.tr\/wp-content\/uploads\/2025\/06\/HAMMER-WELDING-EN-ISO-3834-2-1448x2048.jpg 1448w, https:\/\/hammerwelding.com.tr\/wp-content\/uploads\/2025\/06\/HAMMER-WELDING-EN-ISO-3834-2-scaled.jpg 1810w\" sizes=\"auto, (max-width: 724px) 100vw, 724px\" \/>\t\t\t\t\t\t\t\t\t\t\t\t\t\t\t<\/div>\n\t\t\t\t<\/div>\n\t\t\t\t<\/div>\n\t\t<div class=\"elementor-element elementor-element-fb357be e-con-full e-flex e-con e-child\" data-id=\"fb357be\" data-element_type=\"container\" data-e-type=\"container\">\n\t\t\t\t<div class=\"elementor-element elementor-element-c214455 elementor-widget elementor-widget-image\" data-id=\"c214455\" data-element_type=\"widget\" data-e-type=\"widget\" data-widget_type=\"image.default\">\n\t\t\t\t<div class=\"elementor-widget-container\">\n\t\t\t\t\t\t\t\t\t\t\t\t\t\t\t<img loading=\"lazy\" decoding=\"async\" width=\"724\" height=\"1024\" src=\"https:\/\/hammerwelding.com.tr\/wp-content\/uploads\/2025\/06\/HAMMER-WELDING-EN-ISO-3834-2-ANNEX-1-724x1024.jpg\" class=\"attachment-large size-large wp-image-658\" alt=\"\" srcset=\"https:\/\/hammerwelding.com.tr\/wp-content\/uploads\/2025\/06\/HAMMER-WELDING-EN-ISO-3834-2-ANNEX-1-724x1024.jpg 724w, https:\/\/hammerwelding.com.tr\/wp-content\/uploads\/2025\/06\/HAMMER-WELDING-EN-ISO-3834-2-ANNEX-1-212x300.jpg 212w, https:\/\/hammerwelding.com.tr\/wp-content\/uploads\/2025\/06\/HAMMER-WELDING-EN-ISO-3834-2-ANNEX-1-768x1086.jpg 768w, https:\/\/hammerwelding.com.tr\/wp-content\/uploads\/2025\/06\/HAMMER-WELDING-EN-ISO-3834-2-ANNEX-1-1086x1536.jpg 1086w, https:\/\/hammerwelding.com.tr\/wp-content\/uploads\/2025\/06\/HAMMER-WELDING-EN-ISO-3834-2-ANNEX-1-1448x2048.jpg 1448w, https:\/\/hammerwelding.com.tr\/wp-content\/uploads\/2025\/06\/HAMMER-WELDING-EN-ISO-3834-2-ANNEX-1-scaled.jpg 1810w\" sizes=\"auto, (max-width: 724px) 100vw, 724px\" \/>\t\t\t\t\t\t\t\t\t\t\t\t\t\t\t<\/div>\n\t\t\t\t<\/div>\n\t\t\t\t<\/div>\n\t\t<div class=\"elementor-element elementor-element-d3f5a31 e-con-full e-flex e-con e-child\" data-id=\"d3f5a31\" data-element_type=\"container\" data-e-type=\"container\">\n\t\t\t\t<div class=\"elementor-element elementor-element-be3abb9 elementor-widget elementor-widget-image\" data-id=\"be3abb9\" data-element_type=\"widget\" data-e-type=\"widget\" data-widget_type=\"image.default\">\n\t\t\t\t<div class=\"elementor-widget-container\">\n\t\t\t\t\t\t\t\t\t\t\t\t\t\t\t<img loading=\"lazy\" decoding=\"async\" width=\"724\" height=\"1024\" src=\"https:\/\/hammerwelding.com.tr\/wp-content\/uploads\/2025\/06\/HAMMER-WELDING-EN-1090-724x1024.jpg\" class=\"attachment-large size-large wp-image-656\" alt=\"\" srcset=\"https:\/\/hammerwelding.com.tr\/wp-content\/uploads\/2025\/06\/HAMMER-WELDING-EN-1090-724x1024.jpg 724w, https:\/\/hammerwelding.com.tr\/wp-content\/uploads\/2025\/06\/HAMMER-WELDING-EN-1090-212x300.jpg 212w, https:\/\/hammerwelding.com.tr\/wp-content\/uploads\/2025\/06\/HAMMER-WELDING-EN-1090-768x1086.jpg 768w, https:\/\/hammerwelding.com.tr\/wp-content\/uploads\/2025\/06\/HAMMER-WELDING-EN-1090-1086x1536.jpg 1086w, https:\/\/hammerwelding.com.tr\/wp-content\/uploads\/2025\/06\/HAMMER-WELDING-EN-1090-1448x2048.jpg 1448w, https:\/\/hammerwelding.com.tr\/wp-content\/uploads\/2025\/06\/HAMMER-WELDING-EN-1090-scaled.jpg 1810w\" sizes=\"auto, (max-width: 724px) 100vw, 724px\" \/>\t\t\t\t\t\t\t\t\t\t\t\t\t\t\t<\/div>\n\t\t\t\t<\/div>\n\t\t\t\t<\/div>\n\t\t\t\t\t<\/div>\n\t\t\t\t<\/div>\n\t\t<div class=\"elementor-element elementor-element-ae07069 e-flex e-con-boxed e-con e-parent\" data-id=\"ae07069\" data-element_type=\"container\" data-e-type=\"container\">\n\t\t\t\t\t<div class=\"e-con-inner\">\n\t\t\t\t<div class=\"elementor-element elementor-element-9f077cc elementor-widget elementor-widget-shortcode\" data-id=\"9f077cc\" data-element_type=\"widget\" data-e-type=\"widget\" data-widget_type=\"shortcode.default\">\n\t\t\t\t<div class=\"elementor-widget-container\">\n\t\t\t\t\t\t\t<div class=\"elementor-shortcode\"><div class=\"real3dflipbook\" id=\"1_6a05aa3aa8e97\" style=\"position:absolute;\"><\/div><\/div>\n\t\t\t\t\t\t<\/div>\n\t\t\t\t<\/div>\n\t\t\t\t\t<\/div>\n\t\t\t\t<\/div>\n\t\t\t\t<\/div>\n\t\t","protected":false},"excerpt":{"rendered":"<p>Hammer Welding olarak, \u00fcretim s\u00fcre\u00e7lerimizde y\u00fcksek kalite standartlar\u0131n\u0131 esas al\u0131yor, m\u00fc\u015fteri memnuniyetini ve s\u00fcrd\u00fcr\u00fclebilirli\u011fi \u00f6n planda tutuyoruz. Bu anlay\u0131\u015f\u0131m\u0131z\u0131 uluslararas\u0131 ge\u00e7erlili\u011fe sahip kalite belgeleriyle ta\u00e7land\u0131rarak, sekt\u00f6rdeki g\u00fcvenilirli\u011fimizi belgeliyoruz. Firmam\u0131z; ISO 9001:2015 Kalite Y\u00f6netim Sistemi, ISO 14001:2015 \u00c7evre Y\u00f6netim Sistemi, ISO 45001:2018 \u0130\u015f Sa\u011fl\u0131\u011f\u0131 ve G\u00fcvenli\u011fi Y\u00f6netim Sistemi, EN ISO 3834-2 Kaynakl\u0131 \u0130malat Yeterlili\u011fi ve EN [&hellip;]<\/p>\n","protected":false},"author":1,"featured_media":0,"parent":0,"menu_order":0,"comment_status":"closed","ping_status":"closed","template":"","meta":{"footnotes":""},"class_list":["post-600","page","type-page","status-publish","hentry"],"_links":{"self":[{"href":"https:\/\/hammerwelding.com.tr\/index.php\/wp-json\/wp\/v2\/pages\/600","targetHints":{"allow":["GET"]}}],"collection":[{"href":"https:\/\/hammerwelding.com.tr\/index.php\/wp-json\/wp\/v2\/pages"}],"about":[{"href":"https:\/\/hammerwelding.com.tr\/index.php\/wp-json\/wp\/v2\/types\/page"}],"author":[{"embeddable":true,"href":"https:\/\/hammerwelding.com.tr\/index.php\/wp-json\/wp\/v2\/users\/1"}],"replies":[{"embeddable":true,"href":"https:\/\/hammerwelding.com.tr\/index.php\/wp-json\/wp\/v2\/comments?post=600"}],"version-history":[{"count":22,"href":"https:\/\/hammerwelding.com.tr\/index.php\/wp-json\/wp\/v2\/pages\/600\/revisions"}],"predecessor-version":[{"id":935,"href":"https:\/\/hammerwelding.com.tr\/index.php\/wp-json\/wp\/v2\/pages\/600\/revisions\/935"}],"wp:attachment":[{"href":"https:\/\/hammerwelding.com.tr\/index.php\/wp-json\/wp\/v2\/media?parent=600"}],"curies":[{"name":"wp","href":"https:\/\/api.w.org\/{rel}","templated":true}]}}