{"id":360,"date":"2025-06-22T20:06:11","date_gmt":"2025-06-22T17:06:11","guid":{"rendered":"https:\/\/hammerwelding.com.tr\/?page_id=360"},"modified":"2026-02-04T12:19:02","modified_gmt":"2026-02-04T09:19:02","slug":"proseslerimiz-14","status":"publish","type":"page","link":"https:\/\/hammerwelding.com.tr\/index.php\/proseslerimiz-14\/","title":{"rendered":"Proseslerimiz"},"content":{"rendered":"\t\t<div data-elementor-type=\"wp-page\" data-elementor-id=\"360\" class=\"elementor elementor-360\" data-elementor-post-type=\"page\">\n\t\t\t\t\t\t<section class=\"elementor-section elementor-top-section elementor-element elementor-element-47e9e44 elementor-section-full_width elementor-section-height-default elementor-section-height-default\" data-id=\"47e9e44\" data-element_type=\"section\" data-e-type=\"section\">\n\t\t\t\t\t\t\t<div class=\"elementor-background-overlay\"><\/div>\n\t\t\t\t\t\t\t<div class=\"elementor-container elementor-column-gap-default\">\n\t\t\t\t\t<div class=\"elementor-column elementor-col-100 elementor-top-column elementor-element elementor-element-2048c1d\" data-id=\"2048c1d\" data-element_type=\"column\" data-e-type=\"column\">\n\t\t\t<div class=\"elementor-widget-wrap elementor-element-populated\">\n\t\t\t\t\t\t\t<\/div>\n\t\t<\/div>\n\t\t\t\t\t<\/div>\n\t\t<\/section>\n\t\t<div class=\"elementor-element elementor-element-68d78ac e-flex e-con-boxed e-con e-parent\" data-id=\"68d78ac\" data-element_type=\"container\" data-e-type=\"container\">\n\t\t\t\t\t<div class=\"e-con-inner\">\n\t\t\t\t<div class=\"elementor-element elementor-element-1349a20 elementor-widget elementor-widget-text-editor\" data-id=\"1349a20\" data-element_type=\"widget\" data-e-type=\"widget\" data-widget_type=\"text-editor.default\">\n\t\t\t\t<div class=\"elementor-widget-container\">\n\t\t\t\t\t\t\t\t\t&#8220;Her A\u015famada Kontrol, Her Par\u00e7ada M\u00fckemmellik.&#8221;\t\t\t\t\t\t\t\t<\/div>\n\t\t\t\t<\/div>\n\t\t\t\t<div class=\"elementor-element elementor-element-f9847c7 elementor-widget elementor-widget-text-editor\" data-id=\"f9847c7\" data-element_type=\"widget\" data-e-type=\"widget\" data-widget_type=\"text-editor.default\">\n\t\t\t\t<div class=\"elementor-widget-container\">\n\t\t\t\t\t\t\t\t\t<p>Hammer Welding olarak, \u00fcretimin her a\u015famas\u0131nda uygulad\u0131\u011f\u0131m\u0131z sistematik proses y\u00f6netimiyle; kalite, g\u00fcvenlik ve verimlilikten \u00f6d\u00fcn vermeden y\u00fcksek hassasiyetli \u00e7\u00f6z\u00fcmler sunuyoruz.<\/p>\t\t\t\t\t\t\t\t<\/div>\n\t\t\t\t<\/div>\n\t\t\t\t\t<\/div>\n\t\t\t\t<\/div>\n\t\t<div class=\"elementor-element elementor-element-c0a9d7b e-flex e-con-boxed e-con e-parent\" data-id=\"c0a9d7b\" data-element_type=\"container\" data-e-type=\"container\">\n\t\t\t\t\t<div class=\"e-con-inner\">\n\t\t<div class=\"elementor-element elementor-element-4480b12 e-con-full e-flex e-con e-child\" data-id=\"4480b12\" data-element_type=\"container\" data-e-type=\"container\">\n\t\t\t\t<div class=\"elementor-element elementor-element-5fd6154 elementor-widget elementor-widget-text-editor\" data-id=\"5fd6154\" data-element_type=\"widget\" data-e-type=\"widget\" data-widget_type=\"text-editor.default\">\n\t\t\t\t<div class=\"elementor-widget-container\">\n\t\t\t\t\t\t\t\t\t<p>Kaynakl\u0131 \u0130malat<\/p>\t\t\t\t\t\t\t\t<\/div>\n\t\t\t\t<\/div>\n\t\t\t\t<div class=\"elementor-element elementor-element-59ca440 elementor-widget elementor-widget-image\" data-id=\"59ca440\" data-element_type=\"widget\" data-e-type=\"widget\" data-widget_type=\"image.default\">\n\t\t\t\t<div class=\"elementor-widget-container\">\n\t\t\t\t\t\t\t\t\t\t\t\t\t\t\t\t<a href=\"\/index.php\/kaynakli-imalat\/\">\n\t\t\t\t\t\t\t<img loading=\"lazy\" decoding=\"async\" width=\"800\" height=\"800\" src=\"https:\/\/hammerwelding.com.tr\/wp-content\/uploads\/2025\/06\/Kaynakli-Imalat-1024x1024.png\" class=\"attachment-large size-large wp-image-313\" alt=\"\" srcset=\"https:\/\/hammerwelding.com.tr\/wp-content\/uploads\/2025\/06\/Kaynakli-Imalat-1024x1024.png 1024w, https:\/\/hammerwelding.com.tr\/wp-content\/uploads\/2025\/06\/Kaynakli-Imalat-300x300.png 300w, https:\/\/hammerwelding.com.tr\/wp-content\/uploads\/2025\/06\/Kaynakli-Imalat-150x150.png 150w, https:\/\/hammerwelding.com.tr\/wp-content\/uploads\/2025\/06\/Kaynakli-Imalat-768x768.png 768w, https:\/\/hammerwelding.com.tr\/wp-content\/uploads\/2025\/06\/Kaynakli-Imalat.png 1080w\" sizes=\"auto, (max-width: 800px) 100vw, 800px\" \/>\t\t\t\t\t\t\t\t<\/a>\n\t\t\t\t\t\t\t\t\t\t\t\t\t\t\t<\/div>\n\t\t\t\t<\/div>\n\t\t\t\t<div class=\"elementor-element elementor-element-4c02452 elementor-widget elementor-widget-text-editor\" data-id=\"4c02452\" data-element_type=\"widget\" data-e-type=\"widget\" data-widget_type=\"text-editor.default\">\n\t\t\t\t<div class=\"elementor-widget-container\">\n\t\t\t\t\t\t\t\t\t<p>Usta \u0130\u015f\u00e7ilik, Kusursuz Birle\u015fim.<\/p>\t\t\t\t\t\t\t\t<\/div>\n\t\t\t\t<\/div>\n\t\t\t\t<div class=\"elementor-element elementor-element-e43efa8 elementor-align-justify elementor-widget elementor-widget-button\" data-id=\"e43efa8\" data-element_type=\"widget\" data-e-type=\"widget\" data-widget_type=\"button.default\">\n\t\t\t\t<div class=\"elementor-widget-container\">\n\t\t\t\t\t\t\t\t\t<div class=\"elementor-button-wrapper\">\n\t\t\t\t\t<a class=\"elementor-button elementor-button-link elementor-size-sm\" href=\"\/index.php\/kaynakli-imalat\/\">\n\t\t\t\t\t\t<span class=\"elementor-button-content-wrapper\">\n\t\t\t\t\t\t\t\t\t<span class=\"elementor-button-text\">Sayfaya Git<\/span>\n\t\t\t\t\t<\/span>\n\t\t\t\t\t<\/a>\n\t\t\t\t<\/div>\n\t\t\t\t\t\t\t\t<\/div>\n\t\t\t\t<\/div>\n\t\t\t\t<\/div>\n\t\t<div class=\"elementor-element elementor-element-e92dd90 e-con-full e-flex e-con e-child\" data-id=\"e92dd90\" data-element_type=\"container\" data-e-type=\"container\">\n\t\t\t\t<div class=\"elementor-element elementor-element-13d36be elementor-widget elementor-widget-text-editor\" data-id=\"13d36be\" data-element_type=\"widget\" data-e-type=\"widget\" data-widget_type=\"text-editor.default\">\n\t\t\t\t<div class=\"elementor-widget-container\">\n\t\t\t\t\t\t\t\t\t<p>B\u00fck\u00fcm<\/p>\t\t\t\t\t\t\t\t<\/div>\n\t\t\t\t<\/div>\n\t\t\t\t<div class=\"elementor-element elementor-element-b083d48 elementor-widget elementor-widget-image\" data-id=\"b083d48\" data-element_type=\"widget\" data-e-type=\"widget\" data-widget_type=\"image.default\">\n\t\t\t\t<div class=\"elementor-widget-container\">\n\t\t\t\t\t\t\t\t\t\t\t\t\t\t\t\t<a href=\"\/index.php\/bukum\/\">\n\t\t\t\t\t\t\t<img loading=\"lazy\" decoding=\"async\" width=\"800\" height=\"800\" src=\"https:\/\/hammerwelding.com.tr\/wp-content\/uploads\/2025\/06\/Bukum-1024x1024.png\" class=\"attachment-large size-large wp-image-294\" alt=\"\" srcset=\"https:\/\/hammerwelding.com.tr\/wp-content\/uploads\/2025\/06\/Bukum-1024x1024.png 1024w, https:\/\/hammerwelding.com.tr\/wp-content\/uploads\/2025\/06\/Bukum-300x300.png 300w, https:\/\/hammerwelding.com.tr\/wp-content\/uploads\/2025\/06\/Bukum-150x150.png 150w, https:\/\/hammerwelding.com.tr\/wp-content\/uploads\/2025\/06\/Bukum-768x768.png 768w, https:\/\/hammerwelding.com.tr\/wp-content\/uploads\/2025\/06\/Bukum.png 1080w\" sizes=\"auto, (max-width: 800px) 100vw, 800px\" \/>\t\t\t\t\t\t\t\t<\/a>\n\t\t\t\t\t\t\t\t\t\t\t\t\t\t\t<\/div>\n\t\t\t\t<\/div>\n\t\t\t\t<div class=\"elementor-element elementor-element-86a10f4 elementor-widget elementor-widget-text-editor\" data-id=\"86a10f4\" data-element_type=\"widget\" data-e-type=\"widget\" data-widget_type=\"text-editor.default\">\n\t\t\t\t<div class=\"elementor-widget-container\">\n\t\t\t\t\t\t\t\t\t<p>Hassas B\u00fck\u00fcm, Sa\u011flam Sonu\u00e7.<\/p>\t\t\t\t\t\t\t\t<\/div>\n\t\t\t\t<\/div>\n\t\t\t\t<div class=\"elementor-element elementor-element-89cd685 elementor-align-justify elementor-widget elementor-widget-button\" data-id=\"89cd685\" data-element_type=\"widget\" data-e-type=\"widget\" data-widget_type=\"button.default\">\n\t\t\t\t<div class=\"elementor-widget-container\">\n\t\t\t\t\t\t\t\t\t<div class=\"elementor-button-wrapper\">\n\t\t\t\t\t<a class=\"elementor-button elementor-button-link elementor-size-sm\" href=\"\/index.php\/bukum\/\">\n\t\t\t\t\t\t<span class=\"elementor-button-content-wrapper\">\n\t\t\t\t\t\t\t\t\t<span class=\"elementor-button-text\">Sayfaya Git<\/span>\n\t\t\t\t\t<\/span>\n\t\t\t\t\t<\/a>\n\t\t\t\t<\/div>\n\t\t\t\t\t\t\t\t<\/div>\n\t\t\t\t<\/div>\n\t\t\t\t<\/div>\n\t\t<div class=\"elementor-element elementor-element-ed461a7 e-con-full e-flex e-con e-child\" data-id=\"ed461a7\" data-element_type=\"container\" data-e-type=\"container\">\n\t\t\t\t<div class=\"elementor-element elementor-element-9fa87b0 elementor-widget elementor-widget-text-editor\" data-id=\"9fa87b0\" data-element_type=\"widget\" data-e-type=\"widget\" data-widget_type=\"text-editor.default\">\n\t\t\t\t<div class=\"elementor-widget-container\">\n\t\t\t\t\t\t\t\t\t<p>Lazer Kesim<\/p>\t\t\t\t\t\t\t\t<\/div>\n\t\t\t\t<\/div>\n\t\t\t\t<div class=\"elementor-element elementor-element-76b9971 elementor-widget elementor-widget-image\" data-id=\"76b9971\" data-element_type=\"widget\" data-e-type=\"widget\" data-widget_type=\"image.default\">\n\t\t\t\t<div class=\"elementor-widget-container\">\n\t\t\t\t\t\t\t\t\t\t\t\t\t\t\t\t<a href=\"\/index.php\/lazer-kesim\/\">\n\t\t\t\t\t\t\t<img loading=\"lazy\" decoding=\"async\" width=\"800\" height=\"800\" src=\"https:\/\/hammerwelding.com.tr\/wp-content\/uploads\/2025\/06\/Lazer-Kesim-1024x1024.png\" class=\"attachment-large size-large wp-image-262\" alt=\"\" srcset=\"https:\/\/hammerwelding.com.tr\/wp-content\/uploads\/2025\/06\/Lazer-Kesim-1024x1024.png 1024w, https:\/\/hammerwelding.com.tr\/wp-content\/uploads\/2025\/06\/Lazer-Kesim-300x300.png 300w, https:\/\/hammerwelding.com.tr\/wp-content\/uploads\/2025\/06\/Lazer-Kesim-150x150.png 150w, https:\/\/hammerwelding.com.tr\/wp-content\/uploads\/2025\/06\/Lazer-Kesim-768x768.png 768w, https:\/\/hammerwelding.com.tr\/wp-content\/uploads\/2025\/06\/Lazer-Kesim.png 1080w\" sizes=\"auto, (max-width: 800px) 100vw, 800px\" \/>\t\t\t\t\t\t\t\t<\/a>\n\t\t\t\t\t\t\t\t\t\t\t\t\t\t\t<\/div>\n\t\t\t\t<\/div>\n\t\t\t\t<div class=\"elementor-element elementor-element-550986c elementor-widget elementor-widget-text-editor\" data-id=\"550986c\" data-element_type=\"widget\" data-e-type=\"widget\" data-widget_type=\"text-editor.default\">\n\t\t\t\t<div class=\"elementor-widget-container\">\n\t\t\t\t\t\t\t\t\t<p>Milimetrik Hassasiyet<\/p>\t\t\t\t\t\t\t\t<\/div>\n\t\t\t\t<\/div>\n\t\t\t\t<div class=\"elementor-element elementor-element-45c271b elementor-align-justify elementor-widget elementor-widget-button\" data-id=\"45c271b\" data-element_type=\"widget\" data-e-type=\"widget\" data-widget_type=\"button.default\">\n\t\t\t\t<div class=\"elementor-widget-container\">\n\t\t\t\t\t\t\t\t\t<div class=\"elementor-button-wrapper\">\n\t\t\t\t\t<a class=\"elementor-button elementor-button-link elementor-size-sm\" href=\"\/index.php\/lazer-kesim\/\">\n\t\t\t\t\t\t<span class=\"elementor-button-content-wrapper\">\n\t\t\t\t\t\t\t\t\t<span class=\"elementor-button-text\">Sayfaya Git<\/span>\n\t\t\t\t\t<\/span>\n\t\t\t\t\t<\/a>\n\t\t\t\t<\/div>\n\t\t\t\t\t\t\t\t<\/div>\n\t\t\t\t<\/div>\n\t\t\t\t<\/div>\n\t\t\t\t\t<\/div>\n\t\t\t\t<\/div>\n\t\t<div class=\"elementor-element elementor-element-774c421 e-flex e-con-boxed e-con e-parent\" data-id=\"774c421\" data-element_type=\"container\" data-e-type=\"container\">\n\t\t\t\t\t<div class=\"e-con-inner\">\n\t\t<div class=\"elementor-element elementor-element-cf22fcb e-con-full e-flex e-con e-child\" data-id=\"cf22fcb\" data-element_type=\"container\" data-e-type=\"container\">\n\t\t\t\t<div class=\"elementor-element elementor-element-6df41e2 elementor-widget elementor-widget-text-editor\" data-id=\"6df41e2\" data-element_type=\"widget\" data-e-type=\"widget\" data-widget_type=\"text-editor.default\">\n\t\t\t\t<div class=\"elementor-widget-container\">\n\t\t\t\t\t\t\t\t\t<p>Kumlama<\/p>\t\t\t\t\t\t\t\t<\/div>\n\t\t\t\t<\/div>\n\t\t\t\t<div class=\"elementor-element elementor-element-fe50c42 elementor-widget elementor-widget-image\" data-id=\"fe50c42\" data-element_type=\"widget\" data-e-type=\"widget\" data-widget_type=\"image.default\">\n\t\t\t\t<div class=\"elementor-widget-container\">\n\t\t\t\t\t\t\t\t\t\t\t\t\t\t\t\t<a href=\"\/index.php\/kumlama\/\">\n\t\t\t\t\t\t\t<img loading=\"lazy\" decoding=\"async\" width=\"800\" height=\"800\" src=\"https:\/\/hammerwelding.com.tr\/wp-content\/uploads\/2025\/06\/Kumlama-2-1024x1024.png\" class=\"attachment-large size-large wp-image-340\" alt=\"\" srcset=\"https:\/\/hammerwelding.com.tr\/wp-content\/uploads\/2025\/06\/Kumlama-2-1024x1024.png 1024w, https:\/\/hammerwelding.com.tr\/wp-content\/uploads\/2025\/06\/Kumlama-2-300x300.png 300w, https:\/\/hammerwelding.com.tr\/wp-content\/uploads\/2025\/06\/Kumlama-2-150x150.png 150w, https:\/\/hammerwelding.com.tr\/wp-content\/uploads\/2025\/06\/Kumlama-2-768x768.png 768w, https:\/\/hammerwelding.com.tr\/wp-content\/uploads\/2025\/06\/Kumlama-2.png 1080w\" sizes=\"auto, (max-width: 800px) 100vw, 800px\" \/>\t\t\t\t\t\t\t\t<\/a>\n\t\t\t\t\t\t\t\t\t\t\t\t\t\t\t<\/div>\n\t\t\t\t<\/div>\n\t\t\t\t<div class=\"elementor-element elementor-element-7580530 elementor-widget elementor-widget-text-editor\" data-id=\"7580530\" data-element_type=\"widget\" data-e-type=\"widget\" data-widget_type=\"text-editor.default\">\n\t\t\t\t<div class=\"elementor-widget-container\">\n\t\t\t\t\t\t\t\t\t<p>Temiz Y\u00fczey, Sa\u011flam Ad\u0131m.<\/p>\t\t\t\t\t\t\t\t<\/div>\n\t\t\t\t<\/div>\n\t\t\t\t<div class=\"elementor-element elementor-element-6b44446 elementor-align-justify elementor-widget elementor-widget-button\" data-id=\"6b44446\" data-element_type=\"widget\" data-e-type=\"widget\" data-widget_type=\"button.default\">\n\t\t\t\t<div class=\"elementor-widget-container\">\n\t\t\t\t\t\t\t\t\t<div class=\"elementor-button-wrapper\">\n\t\t\t\t\t<a class=\"elementor-button elementor-button-link elementor-size-sm\" href=\"\/index.php\/kumlama\/\">\n\t\t\t\t\t\t<span class=\"elementor-button-content-wrapper\">\n\t\t\t\t\t\t\t\t\t<span class=\"elementor-button-text\">Sayfaya Git<\/span>\n\t\t\t\t\t<\/span>\n\t\t\t\t\t<\/a>\n\t\t\t\t<\/div>\n\t\t\t\t\t\t\t\t<\/div>\n\t\t\t\t<\/div>\n\t\t\t\t<\/div>\n\t\t<div class=\"elementor-element elementor-element-6978725 e-con-full e-flex e-con e-child\" data-id=\"6978725\" data-element_type=\"container\" data-e-type=\"container\">\n\t\t\t\t<div class=\"elementor-element elementor-element-23fbf8d elementor-widget elementor-widget-text-editor\" data-id=\"23fbf8d\" data-element_type=\"widget\" data-e-type=\"widget\" data-widget_type=\"text-editor.default\">\n\t\t\t\t<div class=\"elementor-widget-container\">\n\t\t\t\t\t\t\t\t\t<p>CNC Borwerk \u0130\u015fleme<\/p>\t\t\t\t\t\t\t\t<\/div>\n\t\t\t\t<\/div>\n\t\t\t\t<div class=\"elementor-element elementor-element-e461dfe elementor-widget elementor-widget-image\" data-id=\"e461dfe\" data-element_type=\"widget\" data-e-type=\"widget\" data-widget_type=\"image.default\">\n\t\t\t\t<div class=\"elementor-widget-container\">\n\t\t\t\t\t\t\t\t\t\t\t\t\t\t\t\t<a href=\"\/index.php\/bukum\/\">\n\t\t\t\t\t\t\t<img loading=\"lazy\" decoding=\"async\" width=\"800\" height=\"800\" src=\"https:\/\/hammerwelding.com.tr\/wp-content\/uploads\/2025\/06\/CNC-Borwerk-Isleme-1-1024x1024.png\" class=\"attachment-large size-large wp-image-329\" alt=\"\" srcset=\"https:\/\/hammerwelding.com.tr\/wp-content\/uploads\/2025\/06\/CNC-Borwerk-Isleme-1-1024x1024.png 1024w, https:\/\/hammerwelding.com.tr\/wp-content\/uploads\/2025\/06\/CNC-Borwerk-Isleme-1-300x300.png 300w, https:\/\/hammerwelding.com.tr\/wp-content\/uploads\/2025\/06\/CNC-Borwerk-Isleme-1-150x150.png 150w, https:\/\/hammerwelding.com.tr\/wp-content\/uploads\/2025\/06\/CNC-Borwerk-Isleme-1-768x768.png 768w, https:\/\/hammerwelding.com.tr\/wp-content\/uploads\/2025\/06\/CNC-Borwerk-Isleme-1.png 1080w\" sizes=\"auto, (max-width: 800px) 100vw, 800px\" \/>\t\t\t\t\t\t\t\t<\/a>\n\t\t\t\t\t\t\t\t\t\t\t\t\t\t\t<\/div>\n\t\t\t\t<\/div>\n\t\t\t\t<div class=\"elementor-element elementor-element-30850a0 elementor-widget elementor-widget-text-editor\" data-id=\"30850a0\" data-element_type=\"widget\" data-e-type=\"widget\" data-widget_type=\"text-editor.default\">\n\t\t\t\t<div class=\"elementor-widget-container\">\n\t\t\t\t\t\t\t\t\t<p>Tonlarca Metal, Mikronluk Hassasiyet<\/p>\t\t\t\t\t\t\t\t<\/div>\n\t\t\t\t<\/div>\n\t\t\t\t<div class=\"elementor-element elementor-element-b4fa500 elementor-align-justify elementor-widget elementor-widget-button\" data-id=\"b4fa500\" data-element_type=\"widget\" data-e-type=\"widget\" data-widget_type=\"button.default\">\n\t\t\t\t<div class=\"elementor-widget-container\">\n\t\t\t\t\t\t\t\t\t<div class=\"elementor-button-wrapper\">\n\t\t\t\t\t<a class=\"elementor-button elementor-button-link elementor-size-sm\" href=\"\/index.php\/bukum\/\">\n\t\t\t\t\t\t<span class=\"elementor-button-content-wrapper\">\n\t\t\t\t\t\t\t\t\t<span class=\"elementor-button-text\">Sayfaya Git<\/span>\n\t\t\t\t\t<\/span>\n\t\t\t\t\t<\/a>\n\t\t\t\t<\/div>\n\t\t\t\t\t\t\t\t<\/div>\n\t\t\t\t<\/div>\n\t\t\t\t<\/div>\n\t\t<div class=\"elementor-element elementor-element-77b2ee6 e-con-full e-flex e-con e-child\" data-id=\"77b2ee6\" data-element_type=\"container\" data-e-type=\"container\">\n\t\t\t\t<div class=\"elementor-element elementor-element-d138352 elementor-widget elementor-widget-text-editor\" data-id=\"d138352\" data-element_type=\"widget\" data-e-type=\"widget\" data-widget_type=\"text-editor.default\">\n\t\t\t\t<div class=\"elementor-widget-container\">\n\t\t\t\t\t\t\t\t\t<p>Tala\u015fl\u0131 \u0130malat<\/p>\t\t\t\t\t\t\t\t<\/div>\n\t\t\t\t<\/div>\n\t\t\t\t<div class=\"elementor-element elementor-element-7fedb74 elementor-widget elementor-widget-image\" data-id=\"7fedb74\" data-element_type=\"widget\" data-e-type=\"widget\" data-widget_type=\"image.default\">\n\t\t\t\t<div class=\"elementor-widget-container\">\n\t\t\t\t\t\t\t\t\t\t\t\t\t\t\t\t<a href=\"\/index.php\/talasli-imalat\/\">\n\t\t\t\t\t\t\t<img loading=\"lazy\" decoding=\"async\" width=\"800\" height=\"800\" src=\"https:\/\/hammerwelding.com.tr\/wp-content\/uploads\/2025\/06\/Talasli-Imalat-1024x1024.jpg\" class=\"attachment-large size-large wp-image-396\" alt=\"\" srcset=\"https:\/\/hammerwelding.com.tr\/wp-content\/uploads\/2025\/06\/Talasli-Imalat-1024x1024.jpg 1024w, https:\/\/hammerwelding.com.tr\/wp-content\/uploads\/2025\/06\/Talasli-Imalat-300x300.jpg 300w, https:\/\/hammerwelding.com.tr\/wp-content\/uploads\/2025\/06\/Talasli-Imalat-150x150.jpg 150w, https:\/\/hammerwelding.com.tr\/wp-content\/uploads\/2025\/06\/Talasli-Imalat-768x768.jpg 768w, https:\/\/hammerwelding.com.tr\/wp-content\/uploads\/2025\/06\/Talasli-Imalat.jpg 1080w\" sizes=\"auto, (max-width: 800px) 100vw, 800px\" \/>\t\t\t\t\t\t\t\t<\/a>\n\t\t\t\t\t\t\t\t\t\t\t\t\t\t\t<\/div>\n\t\t\t\t<\/div>\n\t\t\t\t<div class=\"elementor-element elementor-element-193dbc2 elementor-widget elementor-widget-text-editor\" data-id=\"193dbc2\" data-element_type=\"widget\" data-e-type=\"widget\" data-widget_type=\"text-editor.default\">\n\t\t\t\t<div class=\"elementor-widget-container\">\n\t\t\t\t\t\t\t\t\t<p>Hassas \u0130\u015f\u00e7ilik, Kusursuz Sonu\u00e7.<\/p>\t\t\t\t\t\t\t\t<\/div>\n\t\t\t\t<\/div>\n\t\t\t\t<div class=\"elementor-element elementor-element-bd4e693 elementor-align-justify elementor-widget elementor-widget-button\" data-id=\"bd4e693\" data-element_type=\"widget\" data-e-type=\"widget\" data-widget_type=\"button.default\">\n\t\t\t\t<div class=\"elementor-widget-container\">\n\t\t\t\t\t\t\t\t\t<div class=\"elementor-button-wrapper\">\n\t\t\t\t\t<a class=\"elementor-button elementor-button-link elementor-size-sm\" href=\"\/index.php\/talasli-imalat\/\">\n\t\t\t\t\t\t<span class=\"elementor-button-content-wrapper\">\n\t\t\t\t\t\t\t\t\t<span class=\"elementor-button-text\">Sayfaya Git<\/span>\n\t\t\t\t\t<\/span>\n\t\t\t\t\t<\/a>\n\t\t\t\t<\/div>\n\t\t\t\t\t\t\t\t<\/div>\n\t\t\t\t<\/div>\n\t\t\t\t<\/div>\n\t\t\t\t\t<\/div>\n\t\t\t\t<\/div>\n\t\t\t\t<\/div>\n\t\t","protected":false},"excerpt":{"rendered":"<p>&#8220;Her A\u015famada Kontrol, Her Par\u00e7ada M\u00fckemmellik.&#8221; Hammer Welding olarak, \u00fcretimin her a\u015famas\u0131nda uygulad\u0131\u011f\u0131m\u0131z sistematik proses y\u00f6netimiyle; kalite, g\u00fcvenlik ve verimlilikten \u00f6d\u00fcn vermeden y\u00fcksek hassasiyetli \u00e7\u00f6z\u00fcmler sunuyoruz. Kaynakl\u0131 \u0130malat Usta \u0130\u015f\u00e7ilik, Kusursuz Birle\u015fim. Sayfaya Git B\u00fck\u00fcm Hassas B\u00fck\u00fcm, Sa\u011flam Sonu\u00e7. Sayfaya Git Lazer Kesim Milimetrik Hassasiyet Sayfaya Git Kumlama Temiz Y\u00fczey, Sa\u011flam Ad\u0131m. Sayfaya Git CNC [&hellip;]<\/p>\n","protected":false},"author":1,"featured_media":0,"parent":0,"menu_order":0,"comment_status":"closed","ping_status":"closed","template":"","meta":{"footnotes":""},"class_list":["post-360","page","type-page","status-publish","hentry"],"_links":{"self":[{"href":"https:\/\/hammerwelding.com.tr\/index.php\/wp-json\/wp\/v2\/pages\/360","targetHints":{"allow":["GET"]}}],"collection":[{"href":"https:\/\/hammerwelding.com.tr\/index.php\/wp-json\/wp\/v2\/pages"}],"about":[{"href":"https:\/\/hammerwelding.com.tr\/index.php\/wp-json\/wp\/v2\/types\/page"}],"author":[{"embeddable":true,"href":"https:\/\/hammerwelding.com.tr\/index.php\/wp-json\/wp\/v2\/users\/1"}],"replies":[{"embeddable":true,"href":"https:\/\/hammerwelding.com.tr\/index.php\/wp-json\/wp\/v2\/comments?post=360"}],"version-history":[{"count":28,"href":"https:\/\/hammerwelding.com.tr\/index.php\/wp-json\/wp\/v2\/pages\/360\/revisions"}],"predecessor-version":[{"id":926,"href":"https:\/\/hammerwelding.com.tr\/index.php\/wp-json\/wp\/v2\/pages\/360\/revisions\/926"}],"wp:attachment":[{"href":"https:\/\/hammerwelding.com.tr\/index.php\/wp-json\/wp\/v2\/media?parent=360"}],"curies":[{"name":"wp","href":"https:\/\/api.w.org\/{rel}","templated":true}]}}