{"id":348,"date":"2025-06-22T19:56:25","date_gmt":"2025-06-22T16:56:25","guid":{"rendered":"https:\/\/hammerwelding.com.tr\/?page_id=348"},"modified":"2026-01-30T01:31:07","modified_gmt":"2026-01-29T22:31:07","slug":"kalite-kontrol-ve-test-surecleri","status":"publish","type":"page","link":"https:\/\/hammerwelding.com.tr\/index.php\/kalite-kontrol-ve-test-surecleri\/","title":{"rendered":"Kalite Kontrol ve Test S\u00fcre\u00e7leri"},"content":{"rendered":"\t\t<div data-elementor-type=\"wp-page\" data-elementor-id=\"348\" class=\"elementor elementor-348\" data-elementor-post-type=\"page\">\n\t\t\t\t<div class=\"elementor-element elementor-element-3bec5f59 e-flex e-con-boxed e-con e-parent\" data-id=\"3bec5f59\" data-element_type=\"container\" data-e-type=\"container\">\n\t\t\t\t\t<div class=\"e-con-inner\">\n\t\t\t\t<div class=\"elementor-element elementor-element-dc6b5b8 elementor-widget elementor-widget-text-editor\" data-id=\"dc6b5b8\" data-element_type=\"widget\" data-e-type=\"widget\" data-widget_type=\"text-editor.default\">\n\t\t\t\t<div class=\"elementor-widget-container\">\n\t\t\t\t\t\t\t\t\t<p>Sadece &#8220;M\u00fckemmel&#8221; Olan Ge\u00e7er.<\/p>\t\t\t\t\t\t\t\t<\/div>\n\t\t\t\t<\/div>\n\t\t\t\t<div class=\"elementor-element elementor-element-4b0c09f2 elementor-widget elementor-widget-text-editor\" data-id=\"4b0c09f2\" data-element_type=\"widget\" data-e-type=\"widget\" data-widget_type=\"text-editor.default\">\n\t\t\t\t<div class=\"elementor-widget-container\">\n\t\t\t\t\t\t\t\t\t<p>Hammer Welding\u2019de kalite bir prosed\u00fcr de\u011fil, bir k\u00fclt\u00fcrd\u00fcr. \u00dcretimin her a\u015famas\u0131 kay\u0131t alt\u0131na al\u0131narak %100 \u00f6l\u00e7\u00fcm do\u011frulu\u011fu ile kontrol edilir.<\/p><p>Kalibrasyonlu cihazlar ile yap\u0131lan <strong>\u00f6l\u00e7\u00fcm testleri<\/strong>, \u00fcretimin final s\u00fcrecinde kesinlikle atlanmaz. Gerekti\u011finde <strong>tahribatl\u0131 muayene (DT)<\/strong> ile par\u00e7alar\u0131n yap\u0131sal b\u00fct\u00fcnl\u00fc\u011f\u00fc incelenir.<\/p><p>Uluslararas\u0131 sertifikal\u0131 personellerimiz taraf\u0131ndan uygulanan <strong>NDT test y\u00f6ntemleri<\/strong> [VT (G\u00f6rsel), MT (Manyetik), PT (Penetrant), UT (Ultrasonik) ve RT (Radyografik)] sayesinde her par\u00e7an\u0131n kalite standard\u0131 belgelenir.<\/p><p><a class=\"\" href=\"https:\/\/hammerwelding.com.tr\">Kalite kontrol hizmetlerimiz<\/a>, ba\u015fta savunma sanayi olmak \u00fczere hassasiyet gerektiren t\u00fcm sekt\u00f6rlerde g\u00fcvenle tercih edilmektedir. Her proje sonunda detayl\u0131 raporlama sa\u011flan\u0131r.<\/p>\t\t\t\t\t\t\t\t<\/div>\n\t\t\t\t<\/div>\n\t\t\t\t\t<\/div>\n\t\t\t\t<\/div>\n\t\t<div class=\"elementor-element elementor-element-8ab9955 e-flex e-con-boxed e-con e-parent\" data-id=\"8ab9955\" data-element_type=\"container\" data-e-type=\"container\">\n\t\t\t\t\t<div class=\"e-con-inner\">\n\t\t<div class=\"elementor-element elementor-element-704b7d0 e-con-full e-flex e-con e-child\" data-id=\"704b7d0\" data-element_type=\"container\" data-e-type=\"container\">\n\t\t\t\t<div class=\"elementor-element elementor-element-60f7b6f elementor-widget elementor-widget-image\" data-id=\"60f7b6f\" data-element_type=\"widget\" data-e-type=\"widget\" data-widget_type=\"image.default\">\n\t\t\t\t<div class=\"elementor-widget-container\">\n\t\t\t\t\t\t\t\t\t\t\t\t\t\t\t<img decoding=\"async\" width=\"800\" height=\"800\" src=\"https:\/\/hammerwelding.com.tr\/wp-content\/uploads\/2025\/06\/Kalite-Kontrol-ve-Test-Surecleri-2-1024x1024.png\" class=\"attachment-large size-large wp-image-351\" alt=\"\" loading=\"lazy\" srcset=\"https:\/\/hammerwelding.com.tr\/wp-content\/uploads\/2025\/06\/Kalite-Kontrol-ve-Test-Surecleri-2-1024x1024.png 1024w, https:\/\/hammerwelding.com.tr\/wp-content\/uploads\/2025\/06\/Kalite-Kontrol-ve-Test-Surecleri-2-300x300.png 300w, https:\/\/hammerwelding.com.tr\/wp-content\/uploads\/2025\/06\/Kalite-Kontrol-ve-Test-Surecleri-2-150x150.png 150w, https:\/\/hammerwelding.com.tr\/wp-content\/uploads\/2025\/06\/Kalite-Kontrol-ve-Test-Surecleri-2-768x768.png 768w, https:\/\/hammerwelding.com.tr\/wp-content\/uploads\/2025\/06\/Kalite-Kontrol-ve-Test-Surecleri-2.png 1080w\" sizes=\"auto, (max-width: 800px) 100vw, 800px\" \/>\t\t\t\t\t\t\t\t\t\t\t\t\t\t\t<\/div>\n\t\t\t\t<\/div>\n\t\t\t\t<\/div>\n\t\t<div class=\"elementor-element elementor-element-7a8f06d e-con-full e-flex e-con e-child\" data-id=\"7a8f06d\" data-element_type=\"container\" data-e-type=\"container\">\n\t\t\t\t<div class=\"elementor-element elementor-element-0865e11 elementor-widget elementor-widget-image\" data-id=\"0865e11\" data-element_type=\"widget\" data-e-type=\"widget\" data-widget_type=\"image.default\">\n\t\t\t\t<div class=\"elementor-widget-container\">\n\t\t\t\t\t\t\t\t\t\t\t\t\t\t\t<img decoding=\"async\" width=\"800\" height=\"800\" src=\"https:\/\/hammerwelding.com.tr\/wp-content\/uploads\/2025\/06\/Kalite-Kontrol-ve-Test-Surecleri-1-1024x1024.png\" class=\"attachment-large size-large wp-image-354\" alt=\"\" loading=\"lazy\" srcset=\"https:\/\/hammerwelding.com.tr\/wp-content\/uploads\/2025\/06\/Kalite-Kontrol-ve-Test-Surecleri-1-1024x1024.png 1024w, https:\/\/hammerwelding.com.tr\/wp-content\/uploads\/2025\/06\/Kalite-Kontrol-ve-Test-Surecleri-1-300x300.png 300w, https:\/\/hammerwelding.com.tr\/wp-content\/uploads\/2025\/06\/Kalite-Kontrol-ve-Test-Surecleri-1-150x150.png 150w, https:\/\/hammerwelding.com.tr\/wp-content\/uploads\/2025\/06\/Kalite-Kontrol-ve-Test-Surecleri-1-768x768.png 768w, https:\/\/hammerwelding.com.tr\/wp-content\/uploads\/2025\/06\/Kalite-Kontrol-ve-Test-Surecleri-1.png 1080w\" sizes=\"auto, (max-width: 800px) 100vw, 800px\" \/>\t\t\t\t\t\t\t\t\t\t\t\t\t\t\t<\/div>\n\t\t\t\t<\/div>\n\t\t\t\t<\/div>\n\t\t\t\t\t<\/div>\n\t\t\t\t<\/div>\n\t\t<div class=\"elementor-element elementor-element-ac7ac1e e-flex e-con-boxed e-con e-parent\" data-id=\"ac7ac1e\" data-element_type=\"container\" data-e-type=\"container\">\n\t\t\t\t\t<div class=\"e-con-inner\">\n\t\t<div class=\"elementor-element elementor-element-fa37bfd e-con-full e-flex e-con e-child\" data-id=\"fa37bfd\" data-element_type=\"container\" data-e-type=\"container\">\n\t\t\t\t<div class=\"elementor-element elementor-element-111a8e7 elementor-widget elementor-widget-image\" data-id=\"111a8e7\" data-element_type=\"widget\" data-e-type=\"widget\" data-widget_type=\"image.default\">\n\t\t\t\t<div class=\"elementor-widget-container\">\n\t\t\t\t\t\t\t\t\t\t\t\t\t\t\t<img decoding=\"async\" width=\"683\" height=\"1024\" src=\"https:\/\/hammerwelding.com.tr\/wp-content\/uploads\/2026\/01\/ChatGPT-Image-30-Oca-2026-01_28_02-683x1024.png\" class=\"attachment-large size-large wp-image-807\" alt=\"\" loading=\"lazy\" srcset=\"https:\/\/hammerwelding.com.tr\/wp-content\/uploads\/2026\/01\/ChatGPT-Image-30-Oca-2026-01_28_02-683x1024.png 683w, https:\/\/hammerwelding.com.tr\/wp-content\/uploads\/2026\/01\/ChatGPT-Image-30-Oca-2026-01_28_02-200x300.png 200w, https:\/\/hammerwelding.com.tr\/wp-content\/uploads\/2026\/01\/ChatGPT-Image-30-Oca-2026-01_28_02-768x1152.png 768w, https:\/\/hammerwelding.com.tr\/wp-content\/uploads\/2026\/01\/ChatGPT-Image-30-Oca-2026-01_28_02.png 1024w\" sizes=\"auto, (max-width: 683px) 100vw, 683px\" \/>\t\t\t\t\t\t\t\t\t\t\t\t\t\t\t<\/div>\n\t\t\t\t<\/div>\n\t\t\t\t<\/div>\n\t\t<div class=\"elementor-element elementor-element-e55d166 e-con-full e-flex e-con e-child\" data-id=\"e55d166\" data-element_type=\"container\" data-e-type=\"container\">\n\t\t\t\t<div class=\"elementor-element elementor-element-61ab7cd elementor-widget elementor-widget-image\" data-id=\"61ab7cd\" data-element_type=\"widget\" data-e-type=\"widget\" data-widget_type=\"image.default\">\n\t\t\t\t<div class=\"elementor-widget-container\">\n\t\t\t\t\t\t\t\t\t\t\t\t\t\t\t<img decoding=\"async\" width=\"683\" height=\"1024\" src=\"https:\/\/hammerwelding.com.tr\/wp-content\/uploads\/2026\/01\/ChatGPT-Image-30-Oca-2026-01_30_27-683x1024.png\" class=\"attachment-large size-large wp-image-808\" alt=\"\" loading=\"lazy\" srcset=\"https:\/\/hammerwelding.com.tr\/wp-content\/uploads\/2026\/01\/ChatGPT-Image-30-Oca-2026-01_30_27-683x1024.png 683w, https:\/\/hammerwelding.com.tr\/wp-content\/uploads\/2026\/01\/ChatGPT-Image-30-Oca-2026-01_30_27-200x300.png 200w, https:\/\/hammerwelding.com.tr\/wp-content\/uploads\/2026\/01\/ChatGPT-Image-30-Oca-2026-01_30_27-768x1152.png 768w, https:\/\/hammerwelding.com.tr\/wp-content\/uploads\/2026\/01\/ChatGPT-Image-30-Oca-2026-01_30_27.png 1024w\" sizes=\"auto, (max-width: 683px) 100vw, 683px\" \/>\t\t\t\t\t\t\t\t\t\t\t\t\t\t\t<\/div>\n\t\t\t\t<\/div>\n\t\t\t\t<\/div>\n\t\t\t\t\t<\/div>\n\t\t\t\t<\/div>\n\t\t\t\t<\/div>\n\t\t","protected":false},"excerpt":{"rendered":"<p>Sadece &#8220;M\u00fckemmel&#8221; Olan Ge\u00e7er. Hammer Welding\u2019de kalite bir prosed\u00fcr de\u011fil, bir k\u00fclt\u00fcrd\u00fcr. \u00dcretimin her a\u015famas\u0131 kay\u0131t alt\u0131na al\u0131narak %100 \u00f6l\u00e7\u00fcm do\u011frulu\u011fu ile kontrol edilir. Kalibrasyonlu cihazlar ile yap\u0131lan \u00f6l\u00e7\u00fcm testleri, \u00fcretimin final s\u00fcrecinde kesinlikle atlanmaz. Gerekti\u011finde tahribatl\u0131 muayene (DT) ile par\u00e7alar\u0131n yap\u0131sal b\u00fct\u00fcnl\u00fc\u011f\u00fc incelenir. Uluslararas\u0131 sertifikal\u0131 personellerimiz taraf\u0131ndan uygulanan NDT test y\u00f6ntemleri [VT (G\u00f6rsel), MT [&hellip;]<\/p>\n","protected":false},"author":1,"featured_media":349,"parent":0,"menu_order":0,"comment_status":"closed","ping_status":"closed","template":"","meta":{"footnotes":""},"class_list":["post-348","page","type-page","status-publish","has-post-thumbnail","hentry"],"_links":{"self":[{"href":"https:\/\/hammerwelding.com.tr\/index.php\/wp-json\/wp\/v2\/pages\/348","targetHints":{"allow":["GET"]}}],"collection":[{"href":"https:\/\/hammerwelding.com.tr\/index.php\/wp-json\/wp\/v2\/pages"}],"about":[{"href":"https:\/\/hammerwelding.com.tr\/index.php\/wp-json\/wp\/v2\/types\/page"}],"author":[{"embeddable":true,"href":"https:\/\/hammerwelding.com.tr\/index.php\/wp-json\/wp\/v2\/users\/1"}],"replies":[{"embeddable":true,"href":"https:\/\/hammerwelding.com.tr\/index.php\/wp-json\/wp\/v2\/comments?post=348"}],"version-history":[{"count":7,"href":"https:\/\/hammerwelding.com.tr\/index.php\/wp-json\/wp\/v2\/pages\/348\/revisions"}],"predecessor-version":[{"id":811,"href":"https:\/\/hammerwelding.com.tr\/index.php\/wp-json\/wp\/v2\/pages\/348\/revisions\/811"}],"wp:featuredmedia":[{"embeddable":true,"href":"https:\/\/hammerwelding.com.tr\/index.php\/wp-json\/wp\/v2\/media\/349"}],"wp:attachment":[{"href":"https:\/\/hammerwelding.com.tr\/index.php\/wp-json\/wp\/v2\/media?parent=348"}],"curies":[{"name":"wp","href":"https:\/\/api.w.org\/{rel}","templated":true}]}}