{"id":335,"date":"2025-06-22T18:39:16","date_gmt":"2025-06-22T15:39:16","guid":{"rendered":"https:\/\/hammerwelding.com.tr\/?page_id=335"},"modified":"2026-01-30T11:43:54","modified_gmt":"2026-01-30T08:43:54","slug":"kumlama","status":"publish","type":"page","link":"https:\/\/hammerwelding.com.tr\/index.php\/proseslerimiz-14\/kumlama\/","title":{"rendered":"Kumlama \/ Astar Boya"},"content":{"rendered":"\t\t<div data-elementor-type=\"wp-page\" data-elementor-id=\"335\" class=\"elementor elementor-335\" data-elementor-post-type=\"page\">\n\t\t\t\t<div class=\"elementor-element elementor-element-4c75c0d5 e-flex e-con-boxed e-con e-parent\" data-id=\"4c75c0d5\" data-element_type=\"container\" data-e-type=\"container\">\n\t\t\t\t\t<div class=\"e-con-inner\">\n\t\t\t\t<div class=\"elementor-element elementor-element-fca802d elementor-widget elementor-widget-text-editor\" data-id=\"fca802d\" data-element_type=\"widget\" data-e-type=\"widget\" data-widget_type=\"text-editor.default\">\n\t\t\t\t<div class=\"elementor-widget-container\">\n\t\t\t\t\t\t\t\t\t<p>Temiz Y\u00fczey, Sa\u011flam Ad\u0131m.<\/p>\t\t\t\t\t\t\t\t<\/div>\n\t\t\t\t<\/div>\n\t\t\t\t<div class=\"elementor-element elementor-element-2792c896 elementor-widget elementor-widget-text-editor\" data-id=\"2792c896\" data-element_type=\"widget\" data-e-type=\"widget\" data-widget_type=\"text-editor.default\">\n\t\t\t\t<div class=\"elementor-widget-container\">\n\t\t\t\t\t\t\t\t\t<blockquote class=\"wp-block-quote\"><p data-start=\"128\" data-end=\"302\"><strong data-start=\"128\" data-end=\"146\">Hammer Welding<\/strong>, metal y\u00fczey temizli\u011fi ve kaplama s\u00fcre\u00e7lerinde <strong data-start=\"194\" data-end=\"246\">tam otomatik kumlama ve astar boya teknolojileri<\/strong> kullanarak \u00fcretim kalitesini \u00fcst seviyeye ta\u015f\u0131maktad\u0131r.<\/p><p data-start=\"304\" data-end=\"603\"><strong data-start=\"304\" data-end=\"326\">SA 2.5 standard\u0131na<\/strong> uygun olarak ger\u00e7ekle\u015ftirilen kumlama i\u015flemlerinde, metal y\u00fczeylerdeki pas, boya, kir ve \u00e7apaklar tamamen temizlenir. Kumlama sonras\u0131 uygulanan <strong data-start=\"471\" data-end=\"485\">astar boya<\/strong>, y\u00fczeyi korozyona kar\u015f\u0131 koruyarak boyama ve kaynak \u00f6ncesi s\u00fcre\u00e7ler i\u00e7in ideal y\u00fczey p\u00fcr\u00fczl\u00fcl\u00fc\u011f\u00fcn\u00fc ve aderans\u0131 sa\u011flar.<\/p><p data-start=\"605\" data-end=\"834\">Kumlama ve astar boya hizmetlerimiz; <strong data-start=\"642\" data-end=\"682\">granit tozu, cam k\u00fcre, metalik bilye<\/strong> gibi farkl\u0131 a\u015f\u0131nd\u0131r\u0131c\u0131 materyallerle ve projeye uygun <strong data-start=\"737\" data-end=\"774\">end\u00fcstriyel astar boya sistemleri<\/strong> kullan\u0131larak m\u00fc\u015fteri ihtiyac\u0131na g\u00f6re \u015fekillendirilmektedir.<\/p><p data-start=\"836\" data-end=\"1132\">Kumlama ve astar boya uygulamalar\u0131, \u00fcr\u00fcn \u00f6mr\u00fcn\u00fc uzat\u0131r, y\u00fczey kalitesini art\u0131r\u0131r ve estetik bir g\u00f6r\u00fcn\u00fcm kazand\u0131r\u0131r. \u00d6zellikle <strong data-start=\"962\" data-end=\"1041\">d\u0131\u015f cephe \u00e7elik yap\u0131lar\u0131, a\u011f\u0131r makine par\u00e7alar\u0131 ve end\u00fcstriyel ekipmanlarda<\/strong> uygulad\u0131\u011f\u0131m\u0131z bu sistem, uzun s\u00fcreli dayan\u0131m ve koruma a\u00e7\u0131s\u0131ndan b\u00fcy\u00fck fark yaratmaktad\u0131r.<\/p><\/blockquote>\t\t\t\t\t\t\t\t<\/div>\n\t\t\t\t<\/div>\n\t\t\t\t\t<\/div>\n\t\t\t\t<\/div>\n\t\t<div class=\"elementor-element elementor-element-9c69751 e-flex e-con-boxed e-con e-parent\" data-id=\"9c69751\" data-element_type=\"container\" data-e-type=\"container\">\n\t\t\t\t\t<div class=\"e-con-inner\">\n\t\t<div class=\"elementor-element elementor-element-dea21db e-con-full e-flex e-con e-child\" data-id=\"dea21db\" data-element_type=\"container\" data-e-type=\"container\">\n\t\t\t\t<div class=\"elementor-element elementor-element-691e808 elementor-widget elementor-widget-image\" data-id=\"691e808\" data-element_type=\"widget\" data-e-type=\"widget\" data-widget_type=\"image.default\">\n\t\t\t\t<div class=\"elementor-widget-container\">\n\t\t\t\t\t\t\t\t\t\t\t\t\t\t\t<img decoding=\"async\" width=\"800\" height=\"800\" src=\"https:\/\/hammerwelding.com.tr\/wp-content\/uploads\/2026\/01\/ChatGPT-Image-29-Oca-2026-22_46_48.png\" class=\"attachment-large size-large wp-image-801\" alt=\"\" loading=\"lazy\" srcset=\"https:\/\/hammerwelding.com.tr\/wp-content\/uploads\/2026\/01\/ChatGPT-Image-29-Oca-2026-22_46_48.png 1024w, https:\/\/hammerwelding.com.tr\/wp-content\/uploads\/2026\/01\/ChatGPT-Image-29-Oca-2026-22_46_48-300x300.png 300w, https:\/\/hammerwelding.com.tr\/wp-content\/uploads\/2026\/01\/ChatGPT-Image-29-Oca-2026-22_46_48-150x150.png 150w, https:\/\/hammerwelding.com.tr\/wp-content\/uploads\/2026\/01\/ChatGPT-Image-29-Oca-2026-22_46_48-768x768.png 768w\" sizes=\"auto, (max-width: 800px) 100vw, 800px\" \/>\t\t\t\t\t\t\t\t\t\t\t\t\t\t\t<\/div>\n\t\t\t\t<\/div>\n\t\t\t\t<\/div>\n\t\t<div class=\"elementor-element elementor-element-b2166be e-con-full e-flex e-con e-child\" data-id=\"b2166be\" data-element_type=\"container\" data-e-type=\"container\">\n\t\t\t\t<div class=\"elementor-element elementor-element-9ce382f elementor-widget elementor-widget-image\" data-id=\"9ce382f\" data-element_type=\"widget\" data-e-type=\"widget\" data-widget_type=\"image.default\">\n\t\t\t\t<div class=\"elementor-widget-container\">\n\t\t\t\t\t\t\t\t\t\t\t\t\t\t\t<img decoding=\"async\" width=\"800\" height=\"800\" src=\"https:\/\/hammerwelding.com.tr\/wp-content\/uploads\/2026\/01\/ChatGPT-Image-30-Oca-2026-02_46_01.png\" class=\"attachment-large size-large wp-image-839\" alt=\"\" loading=\"lazy\" srcset=\"https:\/\/hammerwelding.com.tr\/wp-content\/uploads\/2026\/01\/ChatGPT-Image-30-Oca-2026-02_46_01.png 1024w, https:\/\/hammerwelding.com.tr\/wp-content\/uploads\/2026\/01\/ChatGPT-Image-30-Oca-2026-02_46_01-300x300.png 300w, https:\/\/hammerwelding.com.tr\/wp-content\/uploads\/2026\/01\/ChatGPT-Image-30-Oca-2026-02_46_01-150x150.png 150w, https:\/\/hammerwelding.com.tr\/wp-content\/uploads\/2026\/01\/ChatGPT-Image-30-Oca-2026-02_46_01-768x768.png 768w\" sizes=\"auto, (max-width: 800px) 100vw, 800px\" \/>\t\t\t\t\t\t\t\t\t\t\t\t\t\t\t<\/div>\n\t\t\t\t<\/div>\n\t\t\t\t<\/div>\n\t\t\t\t\t<\/div>\n\t\t\t\t<\/div>\n\t\t\t\t<\/div>\n\t\t","protected":false},"excerpt":{"rendered":"<p>Temiz Y\u00fczey, Sa\u011flam Ad\u0131m. Hammer Welding, metal y\u00fczey temizli\u011fi ve kaplama s\u00fcre\u00e7lerinde tam otomatik kumlama ve astar boya teknolojileri kullanarak \u00fcretim kalitesini \u00fcst seviyeye ta\u015f\u0131maktad\u0131r. SA 2.5 standard\u0131na uygun olarak ger\u00e7ekle\u015ftirilen kumlama i\u015flemlerinde, metal y\u00fczeylerdeki pas, boya, kir ve \u00e7apaklar tamamen temizlenir. Kumlama sonras\u0131 uygulanan astar boya, y\u00fczeyi korozyona kar\u015f\u0131 koruyarak boyama ve kaynak \u00f6ncesi [&hellip;]<\/p>\n","protected":false},"author":1,"featured_media":340,"parent":360,"menu_order":0,"comment_status":"closed","ping_status":"closed","template":"","meta":{"footnotes":""},"class_list":["post-335","page","type-page","status-publish","has-post-thumbnail","hentry"],"_links":{"self":[{"href":"https:\/\/hammerwelding.com.tr\/index.php\/wp-json\/wp\/v2\/pages\/335","targetHints":{"allow":["GET"]}}],"collection":[{"href":"https:\/\/hammerwelding.com.tr\/index.php\/wp-json\/wp\/v2\/pages"}],"about":[{"href":"https:\/\/hammerwelding.com.tr\/index.php\/wp-json\/wp\/v2\/types\/page"}],"author":[{"embeddable":true,"href":"https:\/\/hammerwelding.com.tr\/index.php\/wp-json\/wp\/v2\/users\/1"}],"replies":[{"embeddable":true,"href":"https:\/\/hammerwelding.com.tr\/index.php\/wp-json\/wp\/v2\/comments?post=335"}],"version-history":[{"count":16,"href":"https:\/\/hammerwelding.com.tr\/index.php\/wp-json\/wp\/v2\/pages\/335\/revisions"}],"predecessor-version":[{"id":853,"href":"https:\/\/hammerwelding.com.tr\/index.php\/wp-json\/wp\/v2\/pages\/335\/revisions\/853"}],"up":[{"embeddable":true,"href":"https:\/\/hammerwelding.com.tr\/index.php\/wp-json\/wp\/v2\/pages\/360"}],"wp:featuredmedia":[{"embeddable":true,"href":"https:\/\/hammerwelding.com.tr\/index.php\/wp-json\/wp\/v2\/media\/340"}],"wp:attachment":[{"href":"https:\/\/hammerwelding.com.tr\/index.php\/wp-json\/wp\/v2\/media?parent=335"}],"curies":[{"name":"wp","href":"https:\/\/api.w.org\/{rel}","templated":true}]}}