{"id":322,"date":"2025-06-22T17:31:30","date_gmt":"2025-06-22T14:31:30","guid":{"rendered":"https:\/\/hammerwelding.com.tr\/?page_id=322"},"modified":"2025-06-24T21:19:26","modified_gmt":"2025-06-24T18:19:26","slug":"cnc-borwerk-isleme","status":"publish","type":"page","link":"https:\/\/hammerwelding.com.tr\/index.php\/proseslerimiz-14\/cnc-borwerk-isleme\/","title":{"rendered":"CNC Borwerk \u0130\u015fleme"},"content":{"rendered":"\t\t<div data-elementor-type=\"wp-page\" data-elementor-id=\"322\" class=\"elementor elementor-322\" data-elementor-post-type=\"page\">\n\t\t\t\t<div class=\"elementor-element elementor-element-62b185a2 e-flex e-con-boxed e-con e-parent\" data-id=\"62b185a2\" data-element_type=\"container\" data-e-type=\"container\">\n\t\t\t\t\t<div class=\"e-con-inner\">\n\t\t\t\t<div class=\"elementor-element elementor-element-222c4ad elementor-widget elementor-widget-text-editor\" data-id=\"222c4ad\" data-element_type=\"widget\" data-e-type=\"widget\" data-widget_type=\"text-editor.default\">\n\t\t\t\t<div class=\"elementor-widget-container\">\n\t\t\t\t\t\t\t\t\t<p>Tonlarca Metal, <br>Mikronluk Hassasiyet.<\/p>\t\t\t\t\t\t\t\t<\/div>\n\t\t\t\t<\/div>\n\t\t\t\t<div class=\"elementor-element elementor-element-20400c elementor-widget elementor-widget-text-editor\" data-id=\"20400c\" data-element_type=\"widget\" data-e-type=\"widget\" data-widget_type=\"text-editor.default\">\n\t\t\t\t<div class=\"elementor-widget-container\">\n\t\t\t\t\t\t\t\t\t\n<p>Firmam\u0131z b\u00fcnyesindeki <strong>CNC Borwerk \u0130\u015fleme Merkezi<\/strong>, b\u00fcy\u00fck hacimli par\u00e7alar\u0131n hassas tala\u015fl\u0131 imalat\u0131 i\u00e7in ileri teknoloji ile donat\u0131lm\u0131\u015ft\u0131r.<\/p>\n\n<p>Frezeleme, delme, di\u015f a\u00e7ma ve y\u00fczey i\u015fleme gibi bir\u00e7ok operasyonu tek tezg\u00e2hta birle\u015ftiren bu sistem, \u00fcretim s\u00fcrelerini k\u0131salt\u0131rken i\u015f g\u00fcvenli\u011fini ve kaliteyi art\u0131r\u0131r.<\/p>\n\n<p>Y\u00fcksek hassasiyetli i\u015fleme gerektiren \u00e7elik yap\u0131 bile\u015fenleri, \u00f6zel makine par\u00e7alar\u0131 ve a\u011f\u0131r ta\u015f\u0131ma ekipmanlar\u0131n\u0131n \u00fcretimi i\u00e7in <a class=\"\" href=\"https:\/\/hammerwelding.com.tr\">borwerk i\u015fleme \u00e7\u00f6z\u00fcmlerimiz<\/a> idealdir.<\/p>\n\n<p>\u00d6zellikle 5 eksenli kontrol sistemleri ile desteklenen \u00fcretim hatt\u0131m\u0131z, projeye \u00f6zel par\u00e7a geometrilerini eksiksiz \u015fekilde i\u015fler. <a class=\"\" href=\"https:\/\/hammerwelding.com.tr\">Tala\u015fl\u0131 imalat<\/a> s\u00fcre\u00e7lerinde otomasyon ve kalite kontrol, Hammer Welding&#8217;in temel \u00fcretim de\u011ferlerinden biridir.<\/p>\n\t\t\t\t\t\t\t\t<\/div>\n\t\t\t\t<\/div>\n\t\t\t\t\t<\/div>\n\t\t\t\t<\/div>\n\t\t<div class=\"elementor-element elementor-element-1668ac7 e-flex e-con-boxed e-con e-parent\" data-id=\"1668ac7\" data-element_type=\"container\" data-e-type=\"container\">\n\t\t\t\t\t<div class=\"e-con-inner\">\n\t\t<div class=\"elementor-element elementor-element-46ae157 e-con-full e-flex e-con e-child\" data-id=\"46ae157\" data-element_type=\"container\" data-e-type=\"container\">\n\t\t\t\t<div class=\"elementor-element elementor-element-73f9492 elementor-widget elementor-widget-image\" data-id=\"73f9492\" data-element_type=\"widget\" data-e-type=\"widget\" data-widget_type=\"image.default\">\n\t\t\t\t<div class=\"elementor-widget-container\">\n\t\t\t\t\t\t\t\t\t\t\t\t\t\t\t<img decoding=\"async\" width=\"800\" height=\"800\" src=\"https:\/\/hammerwelding.com.tr\/wp-content\/uploads\/2025\/06\/CNC-Borwerk-Isleme-1-1024x1024.png\" class=\"attachment-large size-large wp-image-329\" alt=\"\" loading=\"lazy\" srcset=\"https:\/\/hammerwelding.com.tr\/wp-content\/uploads\/2025\/06\/CNC-Borwerk-Isleme-1-1024x1024.png 1024w, https:\/\/hammerwelding.com.tr\/wp-content\/uploads\/2025\/06\/CNC-Borwerk-Isleme-1-300x300.png 300w, https:\/\/hammerwelding.com.tr\/wp-content\/uploads\/2025\/06\/CNC-Borwerk-Isleme-1-150x150.png 150w, https:\/\/hammerwelding.com.tr\/wp-content\/uploads\/2025\/06\/CNC-Borwerk-Isleme-1-768x768.png 768w, https:\/\/hammerwelding.com.tr\/wp-content\/uploads\/2025\/06\/CNC-Borwerk-Isleme-1.png 1080w\" sizes=\"auto, (max-width: 800px) 100vw, 800px\" \/>\t\t\t\t\t\t\t\t\t\t\t\t\t\t\t<\/div>\n\t\t\t\t<\/div>\n\t\t\t\t<\/div>\n\t\t<div class=\"elementor-element elementor-element-6f2eebe e-con-full e-flex e-con e-child\" data-id=\"6f2eebe\" data-element_type=\"container\" data-e-type=\"container\">\n\t\t\t\t<div class=\"elementor-element elementor-element-bb83654 elementor-widget elementor-widget-image\" data-id=\"bb83654\" data-element_type=\"widget\" data-e-type=\"widget\" data-widget_type=\"image.default\">\n\t\t\t\t<div class=\"elementor-widget-container\">\n\t\t\t\t\t\t\t\t\t\t\t\t\t\t\t<img decoding=\"async\" width=\"800\" height=\"800\" src=\"https:\/\/hammerwelding.com.tr\/wp-content\/uploads\/2025\/06\/CNC-Borwerk-Isleme-2-1024x1024.png\" class=\"attachment-large size-large wp-image-327\" alt=\"\" loading=\"lazy\" srcset=\"https:\/\/hammerwelding.com.tr\/wp-content\/uploads\/2025\/06\/CNC-Borwerk-Isleme-2-1024x1024.png 1024w, https:\/\/hammerwelding.com.tr\/wp-content\/uploads\/2025\/06\/CNC-Borwerk-Isleme-2-300x300.png 300w, https:\/\/hammerwelding.com.tr\/wp-content\/uploads\/2025\/06\/CNC-Borwerk-Isleme-2-150x150.png 150w, https:\/\/hammerwelding.com.tr\/wp-content\/uploads\/2025\/06\/CNC-Borwerk-Isleme-2-768x768.png 768w, https:\/\/hammerwelding.com.tr\/wp-content\/uploads\/2025\/06\/CNC-Borwerk-Isleme-2.png 1080w\" sizes=\"auto, (max-width: 800px) 100vw, 800px\" \/>\t\t\t\t\t\t\t\t\t\t\t\t\t\t\t<\/div>\n\t\t\t\t<\/div>\n\t\t\t\t<\/div>\n\t\t\t\t\t<\/div>\n\t\t\t\t<\/div>\n\t\t\t\t<\/div>\n\t\t","protected":false},"excerpt":{"rendered":"<p>Tonlarca Metal, Mikronluk Hassasiyet. Firmam\u0131z b\u00fcnyesindeki CNC Borwerk \u0130\u015fleme Merkezi, b\u00fcy\u00fck hacimli par\u00e7alar\u0131n hassas tala\u015fl\u0131 imalat\u0131 i\u00e7in ileri teknoloji ile donat\u0131lm\u0131\u015ft\u0131r. Frezeleme, delme, di\u015f a\u00e7ma ve y\u00fczey i\u015fleme gibi bir\u00e7ok operasyonu tek tezg\u00e2hta birle\u015ftiren bu sistem, \u00fcretim s\u00fcrelerini k\u0131salt\u0131rken i\u015f g\u00fcvenli\u011fini ve kaliteyi art\u0131r\u0131r. Y\u00fcksek hassasiyetli i\u015fleme gerektiren \u00e7elik yap\u0131 bile\u015fenleri, \u00f6zel makine par\u00e7alar\u0131 ve [&hellip;]<\/p>\n","protected":false},"author":1,"featured_media":323,"parent":360,"menu_order":0,"comment_status":"closed","ping_status":"closed","template":"","meta":{"footnotes":""},"class_list":["post-322","page","type-page","status-publish","has-post-thumbnail","hentry"],"_links":{"self":[{"href":"https:\/\/hammerwelding.com.tr\/index.php\/wp-json\/wp\/v2\/pages\/322","targetHints":{"allow":["GET"]}}],"collection":[{"href":"https:\/\/hammerwelding.com.tr\/index.php\/wp-json\/wp\/v2\/pages"}],"about":[{"href":"https:\/\/hammerwelding.com.tr\/index.php\/wp-json\/wp\/v2\/types\/page"}],"author":[{"embeddable":true,"href":"https:\/\/hammerwelding.com.tr\/index.php\/wp-json\/wp\/v2\/users\/1"}],"replies":[{"embeddable":true,"href":"https:\/\/hammerwelding.com.tr\/index.php\/wp-json\/wp\/v2\/comments?post=322"}],"version-history":[{"count":5,"href":"https:\/\/hammerwelding.com.tr\/index.php\/wp-json\/wp\/v2\/pages\/322\/revisions"}],"predecessor-version":[{"id":391,"href":"https:\/\/hammerwelding.com.tr\/index.php\/wp-json\/wp\/v2\/pages\/322\/revisions\/391"}],"up":[{"embeddable":true,"href":"https:\/\/hammerwelding.com.tr\/index.php\/wp-json\/wp\/v2\/pages\/360"}],"wp:featuredmedia":[{"embeddable":true,"href":"https:\/\/hammerwelding.com.tr\/index.php\/wp-json\/wp\/v2\/media\/323"}],"wp:attachment":[{"href":"https:\/\/hammerwelding.com.tr\/index.php\/wp-json\/wp\/v2\/media?parent=322"}],"curies":[{"name":"wp","href":"https:\/\/api.w.org\/{rel}","templated":true}]}}