{"id":312,"date":"2025-06-22T15:03:46","date_gmt":"2025-06-22T12:03:46","guid":{"rendered":"https:\/\/hammerwelding.com.tr\/?page_id=312"},"modified":"2025-06-24T21:19:05","modified_gmt":"2025-06-24T18:19:05","slug":"kaynakli-imalat","status":"publish","type":"page","link":"https:\/\/hammerwelding.com.tr\/index.php\/proseslerimiz-14\/kaynakli-imalat\/","title":{"rendered":"Kaynakl\u0131 \u0130malat"},"content":{"rendered":"\t\t<div data-elementor-type=\"wp-page\" data-elementor-id=\"312\" class=\"elementor elementor-312\" data-elementor-post-type=\"page\">\n\t\t\t\t<div class=\"elementor-element elementor-element-2ed91572 e-flex e-con-boxed e-con e-parent\" data-id=\"2ed91572\" data-element_type=\"container\" data-e-type=\"container\">\n\t\t\t\t\t<div class=\"e-con-inner\">\n\t\t\t\t<div class=\"elementor-element elementor-element-966e27d elementor-widget elementor-widget-text-editor\" data-id=\"966e27d\" data-element_type=\"widget\" data-e-type=\"widget\" data-widget_type=\"text-editor.default\">\n\t\t\t\t<div class=\"elementor-widget-container\">\n\t\t\t\t\t\t\t\t\t<p>Usta \u0130\u015f\u00e7ilik, Kusursuz Birle\u015fim.<\/p>\t\t\t\t\t\t\t\t<\/div>\n\t\t\t\t<\/div>\n\t\t\t\t<div class=\"elementor-element elementor-element-2a9e098 elementor-widget elementor-widget-video\" data-id=\"2a9e098\" data-element_type=\"widget\" data-e-type=\"widget\" data-settings=\"{&quot;video_type&quot;:&quot;hosted&quot;,&quot;autoplay&quot;:&quot;yes&quot;,&quot;controls&quot;:&quot;yes&quot;}\" data-widget_type=\"video.default\">\n\t\t\t\t<div class=\"elementor-widget-container\">\n\t\t\t\t\t\t\t<div class=\"e-hosted-video elementor-wrapper elementor-open-inline\">\n\t\t\t\t\t<video class=\"elementor-video\" src=\"https:\/\/hammerwelding.com.tr\/wp-content\/uploads\/2025\/06\/Hammer-Kaynakli-Imalat.mp4\" autoplay=\"\" controls=\"\" controlsList=\"nodownload\"><\/video>\n\t\t\t\t<\/div>\n\t\t\t\t\t\t<\/div>\n\t\t\t\t<\/div>\n\t\t\t\t<div class=\"elementor-element elementor-element-5b8e10fd elementor-widget elementor-widget-text-editor\" data-id=\"5b8e10fd\" data-element_type=\"widget\" data-e-type=\"widget\" data-widget_type=\"text-editor.default\">\n\t\t\t\t<div class=\"elementor-widget-container\">\n\t\t\t\t\t\t\t\t\t\n<p>Hammer Welding\u2019in 4500 m\u00b2\u2019lik kaynakl\u0131 imalat tesisinde, 24 adet <strong>ESAB Double Pulse kaynak makinesi<\/strong>, 5 tonluk d\u00f6ner tabla pozisyonerleri ve <strong>osilat\u00f6rl\u00fc robot kaynak sistemleri<\/strong> yer almaktad\u0131r.<\/p>\n\n<p>Kaynak i\u015flemleri <strong>MAG \/ MIG \/ SAW teknikleri<\/strong> ile ger\u00e7ekle\u015ftirilir. Bu sayede y\u00fcksek mukavemetli, homojen ve \u00e7atlamaya kar\u015f\u0131 diren\u00e7li kaynaklar elde edilir.<\/p>\n\n<p>\u00d6zellikle savunma sanayi, otomotiv ve enerji sekt\u00f6rlerinde kullan\u0131lan y\u00fcksek hassasiyetli par\u00e7alar\u0131n \u00fcretiminde <a class=\"\" href=\"https:\/\/hammerwelding.com.tr\">kaynakl\u0131 imalat \u00e7\u00f6z\u00fcmlerimiz<\/a> tercih edilmektedir.<\/p>\n\n<p>\u00dcretim s\u00fcre\u00e7lerinde kullan\u0131lan <strong>Siegmund kaynak masalar\u0131<\/strong>, b\u00fcy\u00fck par\u00e7alar\u0131n hizalanmas\u0131nda ve g\u00fcvenli sabitlenmesinde maksimum do\u011fruluk sa\u011flar.<\/p>\n\n<p>Hammer Welding, <a class=\"\" href=\"https:\/\/hammerwelding.com.tr\">end\u00fcstriyel kaynak teknolojilerinde<\/a> g\u00fcvenilirli\u011fi ve s\u00fcrd\u00fcr\u00fclebilir kaliteyi bir arada sunar.<\/p>\n\n<p>\u00a0<\/p>\n\t\t\t\t\t\t\t\t<\/div>\n\t\t\t\t<\/div>\n\t\t\t\t\t<\/div>\n\t\t\t\t<\/div>\n\t\t<div class=\"elementor-element elementor-element-d02bb5a e-flex e-con-boxed e-con e-parent\" data-id=\"d02bb5a\" data-element_type=\"container\" data-e-type=\"container\">\n\t\t\t\t\t<div class=\"e-con-inner\">\n\t\t\t\t\t<\/div>\n\t\t\t\t<\/div>\n\t\t\t\t<\/div>\n\t\t","protected":false},"excerpt":{"rendered":"<p>Usta \u0130\u015f\u00e7ilik, Kusursuz Birle\u015fim. https:\/\/hammerwelding.com.tr\/wp-content\/uploads\/2025\/06\/Hammer-Kaynakli-Imalat.mp4 Hammer Welding\u2019in 4500 m\u00b2\u2019lik kaynakl\u0131 imalat tesisinde, 24 adet ESAB Double Pulse kaynak makinesi, 5 tonluk d\u00f6ner tabla pozisyonerleri ve osilat\u00f6rl\u00fc robot kaynak sistemleri yer almaktad\u0131r. Kaynak i\u015flemleri MAG \/ MIG \/ SAW teknikleri ile ger\u00e7ekle\u015ftirilir. Bu sayede y\u00fcksek mukavemetli, homojen ve \u00e7atlamaya kar\u015f\u0131 diren\u00e7li kaynaklar elde edilir. \u00d6zellikle savunma [&hellip;]<\/p>\n","protected":false},"author":1,"featured_media":313,"parent":360,"menu_order":0,"comment_status":"closed","ping_status":"closed","template":"","meta":{"footnotes":""},"class_list":["post-312","page","type-page","status-publish","has-post-thumbnail","hentry"],"_links":{"self":[{"href":"https:\/\/hammerwelding.com.tr\/index.php\/wp-json\/wp\/v2\/pages\/312","targetHints":{"allow":["GET"]}}],"collection":[{"href":"https:\/\/hammerwelding.com.tr\/index.php\/wp-json\/wp\/v2\/pages"}],"about":[{"href":"https:\/\/hammerwelding.com.tr\/index.php\/wp-json\/wp\/v2\/types\/page"}],"author":[{"embeddable":true,"href":"https:\/\/hammerwelding.com.tr\/index.php\/wp-json\/wp\/v2\/users\/1"}],"replies":[{"embeddable":true,"href":"https:\/\/hammerwelding.com.tr\/index.php\/wp-json\/wp\/v2\/comments?post=312"}],"version-history":[{"count":5,"href":"https:\/\/hammerwelding.com.tr\/index.php\/wp-json\/wp\/v2\/pages\/312\/revisions"}],"predecessor-version":[{"id":689,"href":"https:\/\/hammerwelding.com.tr\/index.php\/wp-json\/wp\/v2\/pages\/312\/revisions\/689"}],"up":[{"embeddable":true,"href":"https:\/\/hammerwelding.com.tr\/index.php\/wp-json\/wp\/v2\/pages\/360"}],"wp:featuredmedia":[{"embeddable":true,"href":"https:\/\/hammerwelding.com.tr\/index.php\/wp-json\/wp\/v2\/media\/313"}],"wp:attachment":[{"href":"https:\/\/hammerwelding.com.tr\/index.php\/wp-json\/wp\/v2\/media?parent=312"}],"curies":[{"name":"wp","href":"https:\/\/api.w.org\/{rel}","templated":true}]}}