{"id":293,"date":"2025-06-22T13:22:54","date_gmt":"2025-06-22T10:22:54","guid":{"rendered":"https:\/\/hammerwelding.com.tr\/?page_id=293"},"modified":"2026-01-30T11:38:35","modified_gmt":"2026-01-30T08:38:35","slug":"bukum","status":"publish","type":"page","link":"https:\/\/hammerwelding.com.tr\/index.php\/proseslerimiz-14\/bukum\/","title":{"rendered":"B\u00fck\u00fcm"},"content":{"rendered":"\t\t<div data-elementor-type=\"wp-page\" data-elementor-id=\"293\" class=\"elementor elementor-293\" data-elementor-post-type=\"page\">\n\t\t\t\t<div class=\"elementor-element elementor-element-2b374f81 e-flex e-con-boxed e-con e-parent\" data-id=\"2b374f81\" data-element_type=\"container\" data-e-type=\"container\">\n\t\t\t\t\t<div class=\"e-con-inner\">\n\t\t\t\t<div class=\"elementor-element elementor-element-3889e29 elementor-widget elementor-widget-text-editor\" data-id=\"3889e29\" data-element_type=\"widget\" data-e-type=\"widget\" data-widget_type=\"text-editor.default\">\n\t\t\t\t<div class=\"elementor-widget-container\">\n\t\t\t\t\t\t\t\t\t<p>Hassas B\u00fck\u00fcm, Sa\u011flam Sonu\u00e7.<\/p>\t\t\t\t\t\t\t\t<\/div>\n\t\t\t\t<\/div>\n\t\t\t\t<div class=\"elementor-element elementor-element-4c228830 elementor-widget elementor-widget-text-editor\" data-id=\"4c228830\" data-element_type=\"widget\" data-e-type=\"widget\" data-widget_type=\"text-editor.default\">\n\t\t\t\t<div class=\"elementor-widget-container\">\n\t\t\t\t\t\t\t\t\t<p data-start=\"86\" data-end=\"257\"><strong data-start=\"86\" data-end=\"95\">B\u00fck\u00fcm<\/strong>, metal sac ve profillerin projeye uygun a\u00e7\u0131 ve formlarda \u015fekillendirilmesini sa\u011flayan temel bir imalat s\u00fcrecidir. Y\u00fcksek hassasiyet ve \u00f6l\u00e7\u00fc do\u011frulu\u011fu gerektirir.<\/p><p data-start=\"259\" data-end=\"430\">Abkant, silindir ve bombe b\u00fck\u00fcm y\u00f6ntemleri kullan\u0131larak farkl\u0131 kal\u0131nl\u0131k ve \u00f6l\u00e7\u00fclerde malzemeler g\u00fcvenle i\u015flenir. Her par\u00e7a, teknik \u00e7izimlere birebir uygun olarak \u00fcretilir.<\/p><p data-start=\"432\" data-end=\"582\">End\u00fcstriyel projelerde dayan\u0131m ve estetik bir arada sunularak uzun \u00f6m\u00fcrl\u00fc \u00e7\u00f6z\u00fcmler elde edilir. \u00dcretim s\u00fcreci kalite kontrol a\u015famalar\u0131yla desteklenir.<\/p>\t\t\t\t\t\t\t\t<\/div>\n\t\t\t\t<\/div>\n\t\t\t\t\t<\/div>\n\t\t\t\t<\/div>\n\t\t<div class=\"elementor-element elementor-element-2e81b67 e-flex e-con-boxed e-con e-parent\" data-id=\"2e81b67\" data-element_type=\"container\" data-e-type=\"container\">\n\t\t\t\t\t<div class=\"e-con-inner\">\n\t\t<div class=\"elementor-element elementor-element-0210998 e-con-full e-flex e-con e-child\" data-id=\"0210998\" data-element_type=\"container\" data-e-type=\"container\">\n\t\t\t\t<div class=\"elementor-element elementor-element-de6f37e elementor-widget elementor-widget-text-editor\" data-id=\"de6f37e\" data-element_type=\"widget\" data-e-type=\"widget\" data-widget_type=\"text-editor.default\">\n\t\t\t\t<div class=\"elementor-widget-container\">\n\t\t\t\t\t\t\t\t\t<p>Abkant B\u00fck\u00fcm<\/p>\t\t\t\t\t\t\t\t<\/div>\n\t\t\t\t<\/div>\n\t\t\t\t<div class=\"elementor-element elementor-element-3d0365c elementor-widget elementor-widget-image\" data-id=\"3d0365c\" data-element_type=\"widget\" data-e-type=\"widget\" data-widget_type=\"image.default\">\n\t\t\t\t<div class=\"elementor-widget-container\">\n\t\t\t\t\t\t\t\t\t\t\t\t\t\t\t\t<a href=\"https:\/\/hammerwelding.com.tr\/index.php\/proseslerimiz\/bukum\/abkant-bukum-2\/\">\n\t\t\t\t\t\t\t<img decoding=\"async\" width=\"800\" height=\"534\" src=\"https:\/\/hammerwelding.com.tr\/wp-content\/uploads\/2026\/01\/ChatGPT-Image-29-Oca-2026-21_37_18-1024x683.png\" class=\"attachment-large size-large wp-image-772\" alt=\"\" loading=\"lazy\" srcset=\"https:\/\/hammerwelding.com.tr\/wp-content\/uploads\/2026\/01\/ChatGPT-Image-29-Oca-2026-21_37_18-1024x683.png 1024w, https:\/\/hammerwelding.com.tr\/wp-content\/uploads\/2026\/01\/ChatGPT-Image-29-Oca-2026-21_37_18-300x200.png 300w, https:\/\/hammerwelding.com.tr\/wp-content\/uploads\/2026\/01\/ChatGPT-Image-29-Oca-2026-21_37_18-768x512.png 768w, https:\/\/hammerwelding.com.tr\/wp-content\/uploads\/2026\/01\/ChatGPT-Image-29-Oca-2026-21_37_18.png 1536w\" sizes=\"auto, (max-width: 800px) 100vw, 800px\" \/>\t\t\t\t\t\t\t\t<\/a>\n\t\t\t\t\t\t\t\t\t\t\t\t\t\t\t<\/div>\n\t\t\t\t<\/div>\n\t\t\t\t<div class=\"elementor-element elementor-element-c310a54 elementor-widget elementor-widget-text-editor\" data-id=\"c310a54\" data-element_type=\"widget\" data-e-type=\"widget\" data-widget_type=\"text-editor.default\">\n\t\t\t\t<div class=\"elementor-widget-container\">\n\t\t\t\t\t\t\t\t\t<div class=\"elementor-element elementor-element-794c96c elementor-widget elementor-widget-text-editor\" data-id=\"794c96c\" data-element_type=\"widget\" data-widget_type=\"text-editor.default\"><div class=\"elementor-widget-container\"><p>Milimetrik B\u00fck\u00fcm, Maksimum Dayan\u0131kl\u0131k.<\/p><\/div><\/div>\t\t\t\t\t\t\t\t<\/div>\n\t\t\t\t<\/div>\n\t\t\t\t<div class=\"elementor-element elementor-element-0deb14f elementor-align-justify elementor-widget elementor-widget-button\" data-id=\"0deb14f\" data-element_type=\"widget\" data-e-type=\"widget\" data-widget_type=\"button.default\">\n\t\t\t\t<div class=\"elementor-widget-container\">\n\t\t\t\t\t\t\t\t\t<div class=\"elementor-button-wrapper\">\n\t\t\t\t\t<a class=\"elementor-button elementor-button-link elementor-size-sm\" href=\"https:\/\/hammerwelding.com.tr\/index.php\/proseslerimiz\/bukum\/abkant-bukum-2\/\">\n\t\t\t\t\t\t<span class=\"elementor-button-content-wrapper\">\n\t\t\t\t\t\t\t\t\t<span class=\"elementor-button-text\">Sayfaya Git<\/span>\n\t\t\t\t\t<\/span>\n\t\t\t\t\t<\/a>\n\t\t\t\t<\/div>\n\t\t\t\t\t\t\t\t<\/div>\n\t\t\t\t<\/div>\n\t\t\t\t<\/div>\n\t\t<div class=\"elementor-element elementor-element-234c8c1 e-con-full e-flex e-con e-child\" data-id=\"234c8c1\" data-element_type=\"container\" data-e-type=\"container\">\n\t\t\t\t<div class=\"elementor-element elementor-element-196e040 elementor-widget elementor-widget-text-editor\" data-id=\"196e040\" data-element_type=\"widget\" data-e-type=\"widget\" data-widget_type=\"text-editor.default\">\n\t\t\t\t<div class=\"elementor-widget-container\">\n\t\t\t\t\t\t\t\t\t<p>Bombe B\u00fck\u00fcm<\/p>\t\t\t\t\t\t\t\t<\/div>\n\t\t\t\t<\/div>\n\t\t\t\t<div class=\"elementor-element elementor-element-837f651 elementor-widget elementor-widget-image\" data-id=\"837f651\" data-element_type=\"widget\" data-e-type=\"widget\" data-widget_type=\"image.default\">\n\t\t\t\t<div class=\"elementor-widget-container\">\n\t\t\t\t\t\t\t\t\t\t\t\t\t\t\t\t<a href=\"https:\/\/hammerwelding.com.tr\/index.php\/proseslerimiz-14\/bukum\/bombe-bukum\/\">\n\t\t\t\t\t\t\t<img decoding=\"async\" width=\"800\" height=\"534\" src=\"https:\/\/hammerwelding.com.tr\/wp-content\/uploads\/2026\/01\/ChatGPT-Image-29-Oca-2026-22_17_59-1024x683.png\" class=\"attachment-large size-large wp-image-788\" alt=\"\" loading=\"lazy\" srcset=\"https:\/\/hammerwelding.com.tr\/wp-content\/uploads\/2026\/01\/ChatGPT-Image-29-Oca-2026-22_17_59-1024x683.png 1024w, https:\/\/hammerwelding.com.tr\/wp-content\/uploads\/2026\/01\/ChatGPT-Image-29-Oca-2026-22_17_59-300x200.png 300w, https:\/\/hammerwelding.com.tr\/wp-content\/uploads\/2026\/01\/ChatGPT-Image-29-Oca-2026-22_17_59-768x512.png 768w, https:\/\/hammerwelding.com.tr\/wp-content\/uploads\/2026\/01\/ChatGPT-Image-29-Oca-2026-22_17_59.png 1536w\" sizes=\"auto, (max-width: 800px) 100vw, 800px\" \/>\t\t\t\t\t\t\t\t<\/a>\n\t\t\t\t\t\t\t\t\t\t\t\t\t\t\t<\/div>\n\t\t\t\t<\/div>\n\t\t\t\t<div class=\"elementor-element elementor-element-6230da0 elementor-widget elementor-widget-text-editor\" data-id=\"6230da0\" data-element_type=\"widget\" data-e-type=\"widget\" data-widget_type=\"text-editor.default\">\n\t\t\t\t<div class=\"elementor-widget-container\">\n\t\t\t\t\t\t\t\t\t<div class=\"elementor-element elementor-element-19a394c elementor-widget elementor-widget-text-editor\" data-id=\"19a394c\" data-element_type=\"widget\" data-widget_type=\"text-editor.default\"><div class=\"elementor-widget-container\"><p>Ak\u0131c\u0131 Form, Dengeli G\u00fc\u00e7.<\/p><\/div><\/div>\t\t\t\t\t\t\t\t<\/div>\n\t\t\t\t<\/div>\n\t\t\t\t<div class=\"elementor-element elementor-element-8d620d3 elementor-align-justify elementor-widget elementor-widget-button\" data-id=\"8d620d3\" data-element_type=\"widget\" data-e-type=\"widget\" data-widget_type=\"button.default\">\n\t\t\t\t<div class=\"elementor-widget-container\">\n\t\t\t\t\t\t\t\t\t<div class=\"elementor-button-wrapper\">\n\t\t\t\t\t<a class=\"elementor-button elementor-button-link elementor-size-sm\" href=\"https:\/\/hammerwelding.com.tr\/index.php\/proseslerimiz-14\/bukum\/bombe-bukum\/\">\n\t\t\t\t\t\t<span class=\"elementor-button-content-wrapper\">\n\t\t\t\t\t\t\t\t\t<span class=\"elementor-button-text\">Sayfaya Git<\/span>\n\t\t\t\t\t<\/span>\n\t\t\t\t\t<\/a>\n\t\t\t\t<\/div>\n\t\t\t\t\t\t\t\t<\/div>\n\t\t\t\t<\/div>\n\t\t\t\t<\/div>\n\t\t<div class=\"elementor-element elementor-element-7c8d2b6 e-con-full e-flex e-con e-child\" data-id=\"7c8d2b6\" data-element_type=\"container\" data-e-type=\"container\">\n\t\t\t\t<div class=\"elementor-element elementor-element-b7056d9 elementor-widget elementor-widget-text-editor\" data-id=\"b7056d9\" data-element_type=\"widget\" data-e-type=\"widget\" data-widget_type=\"text-editor.default\">\n\t\t\t\t<div class=\"elementor-widget-container\">\n\t\t\t\t\t\t\t\t\t<p>Silindir B\u00fck\u00fcm<\/p>\t\t\t\t\t\t\t\t<\/div>\n\t\t\t\t<\/div>\n\t\t\t\t<div class=\"elementor-element elementor-element-1151ec9 elementor-widget elementor-widget-image\" data-id=\"1151ec9\" data-element_type=\"widget\" data-e-type=\"widget\" data-widget_type=\"image.default\">\n\t\t\t\t<div class=\"elementor-widget-container\">\n\t\t\t\t\t\t\t\t\t\t\t\t\t\t\t\t<a href=\"\/index.php\/lazer-kesim\/\">\n\t\t\t\t\t\t\t<img decoding=\"async\" width=\"800\" height=\"534\" src=\"https:\/\/hammerwelding.com.tr\/wp-content\/uploads\/2026\/01\/ChatGPT-Image-29-Oca-2026-21_56_34-1024x683.png\" class=\"attachment-large size-large wp-image-780\" alt=\"\" loading=\"lazy\" srcset=\"https:\/\/hammerwelding.com.tr\/wp-content\/uploads\/2026\/01\/ChatGPT-Image-29-Oca-2026-21_56_34-1024x683.png 1024w, https:\/\/hammerwelding.com.tr\/wp-content\/uploads\/2026\/01\/ChatGPT-Image-29-Oca-2026-21_56_34-300x200.png 300w, https:\/\/hammerwelding.com.tr\/wp-content\/uploads\/2026\/01\/ChatGPT-Image-29-Oca-2026-21_56_34-768x512.png 768w, https:\/\/hammerwelding.com.tr\/wp-content\/uploads\/2026\/01\/ChatGPT-Image-29-Oca-2026-21_56_34.png 1536w\" sizes=\"auto, (max-width: 800px) 100vw, 800px\" \/>\t\t\t\t\t\t\t\t<\/a>\n\t\t\t\t\t\t\t\t\t\t\t\t\t\t\t<\/div>\n\t\t\t\t<\/div>\n\t\t\t\t<div class=\"elementor-element elementor-element-4cda8c5 elementor-widget elementor-widget-text-editor\" data-id=\"4cda8c5\" data-element_type=\"widget\" data-e-type=\"widget\" data-widget_type=\"text-editor.default\">\n\t\t\t\t<div class=\"elementor-widget-container\">\n\t\t\t\t\t\t\t\t\t<div class=\"elementor-element elementor-element-958b242 elementor-widget elementor-widget-text-editor\" data-id=\"958b242\" data-element_type=\"widget\" data-widget_type=\"text-editor.default\"><div class=\"elementor-widget-container\"><p>Dairesel Formda Kusursuzluk.<\/p><\/div><\/div>\t\t\t\t\t\t\t\t<\/div>\n\t\t\t\t<\/div>\n\t\t\t\t<div class=\"elementor-element elementor-element-3007536 elementor-align-justify elementor-widget elementor-widget-button\" data-id=\"3007536\" data-element_type=\"widget\" data-e-type=\"widget\" data-widget_type=\"button.default\">\n\t\t\t\t<div class=\"elementor-widget-container\">\n\t\t\t\t\t\t\t\t\t<div class=\"elementor-button-wrapper\">\n\t\t\t\t\t<a class=\"elementor-button elementor-button-link elementor-size-sm\" href=\"\/index.php\/lazer-kesim\/\">\n\t\t\t\t\t\t<span class=\"elementor-button-content-wrapper\">\n\t\t\t\t\t\t\t\t\t<span class=\"elementor-button-text\">Sayfaya Git<\/span>\n\t\t\t\t\t<\/span>\n\t\t\t\t\t<\/a>\n\t\t\t\t<\/div>\n\t\t\t\t\t\t\t\t<\/div>\n\t\t\t\t<\/div>\n\t\t\t\t<\/div>\n\t\t\t\t\t<\/div>\n\t\t\t\t<\/div>\n\t\t\t\t<\/div>\n\t\t","protected":false},"excerpt":{"rendered":"<p>Hassas B\u00fck\u00fcm, Sa\u011flam Sonu\u00e7. B\u00fck\u00fcm, metal sac ve profillerin projeye uygun a\u00e7\u0131 ve formlarda \u015fekillendirilmesini sa\u011flayan temel bir imalat s\u00fcrecidir. Y\u00fcksek hassasiyet ve \u00f6l\u00e7\u00fc do\u011frulu\u011fu gerektirir. Abkant, silindir ve bombe b\u00fck\u00fcm y\u00f6ntemleri kullan\u0131larak farkl\u0131 kal\u0131nl\u0131k ve \u00f6l\u00e7\u00fclerde malzemeler g\u00fcvenle i\u015flenir. Her par\u00e7a, teknik \u00e7izimlere birebir uygun olarak \u00fcretilir. End\u00fcstriyel projelerde dayan\u0131m ve estetik bir arada [&hellip;]<\/p>\n","protected":false},"author":1,"featured_media":715,"parent":360,"menu_order":0,"comment_status":"closed","ping_status":"closed","template":"","meta":{"footnotes":""},"class_list":["post-293","page","type-page","status-publish","has-post-thumbnail","hentry"],"_links":{"self":[{"href":"https:\/\/hammerwelding.com.tr\/index.php\/wp-json\/wp\/v2\/pages\/293","targetHints":{"allow":["GET"]}}],"collection":[{"href":"https:\/\/hammerwelding.com.tr\/index.php\/wp-json\/wp\/v2\/pages"}],"about":[{"href":"https:\/\/hammerwelding.com.tr\/index.php\/wp-json\/wp\/v2\/types\/page"}],"author":[{"embeddable":true,"href":"https:\/\/hammerwelding.com.tr\/index.php\/wp-json\/wp\/v2\/users\/1"}],"replies":[{"embeddable":true,"href":"https:\/\/hammerwelding.com.tr\/index.php\/wp-json\/wp\/v2\/comments?post=293"}],"version-history":[{"count":18,"href":"https:\/\/hammerwelding.com.tr\/index.php\/wp-json\/wp\/v2\/pages\/293\/revisions"}],"predecessor-version":[{"id":845,"href":"https:\/\/hammerwelding.com.tr\/index.php\/wp-json\/wp\/v2\/pages\/293\/revisions\/845"}],"up":[{"embeddable":true,"href":"https:\/\/hammerwelding.com.tr\/index.php\/wp-json\/wp\/v2\/pages\/360"}],"wp:featuredmedia":[{"embeddable":true,"href":"https:\/\/hammerwelding.com.tr\/index.php\/wp-json\/wp\/v2\/media\/715"}],"wp:attachment":[{"href":"https:\/\/hammerwelding.com.tr\/index.php\/wp-json\/wp\/v2\/media?parent=293"}],"curies":[{"name":"wp","href":"https:\/\/api.w.org\/{rel}","templated":true}]}}