{"id":261,"date":"2025-06-22T12:19:23","date_gmt":"2025-06-22T09:19:23","guid":{"rendered":"https:\/\/hammerwelding.com.tr\/?page_id=261"},"modified":"2025-06-24T21:18:08","modified_gmt":"2025-06-24T18:18:08","slug":"lazer-kesim","status":"publish","type":"page","link":"https:\/\/hammerwelding.com.tr\/index.php\/proseslerimiz-14\/lazer-kesim\/","title":{"rendered":"Lazer Kesim"},"content":{"rendered":"\t\t<div data-elementor-type=\"wp-page\" data-elementor-id=\"261\" class=\"elementor elementor-261\" data-elementor-post-type=\"page\">\n\t\t\t\t<div class=\"elementor-element elementor-element-16505d04 e-flex e-con-boxed e-con e-parent\" data-id=\"16505d04\" data-element_type=\"container\" data-e-type=\"container\">\n\t\t\t\t\t<div class=\"e-con-inner\">\n\t\t\t\t<div class=\"elementor-element elementor-element-8aec9ae elementor-widget elementor-widget-text-editor\" data-id=\"8aec9ae\" data-element_type=\"widget\" data-e-type=\"widget\" data-widget_type=\"text-editor.default\">\n\t\t\t\t<div class=\"elementor-widget-container\">\n\t\t\t\t\t\t\t\t\t<p>Milimetrik Hassasiyet<\/p>\t\t\t\t\t\t\t\t<\/div>\n\t\t\t\t<\/div>\n\t\t\t\t<div class=\"elementor-element elementor-element-67254147 elementor-widget elementor-widget-text-editor\" data-id=\"67254147\" data-element_type=\"widget\" data-e-type=\"widget\" data-widget_type=\"text-editor.default\">\n\t\t\t\t<div class=\"elementor-widget-container\">\n\t\t\t\t\t\t\t\t\t\n<p>Hammer Welding, lazer kesim hizmetlerinde sahip oldu\u011fu <strong>5 farkl\u0131 boyutta lazer kesim makinesi<\/strong> ile sekt\u00f6rde fark yaratmaktad\u0131r. 4000 m\u00b2 kapal\u0131 alana sahip \u00fcretim tesisimizde, <strong>y\u00fcksek hassasiyetli lazer kesim i\u015flemleri<\/strong> 7\/24 \u00fcretim kapasitesiyle ger\u00e7ekle\u015ftirilmektedir.<\/p>\n\n\n\n<p>Lazer kesim makinelerimiz, 1 mm ile 50 mm aras\u0131 kal\u0131nl\u0131ktaki saclar\u0131 i\u015fleyebilmekte ve <strong>a\u00e7\u0131l\u0131 lazer kesim teknolojisi<\/strong> ile 1\u00b0 ile 45\u00b0 aras\u0131ndaki a\u00e7\u0131larda kesim yap\u0131labilmektedir. Bu teknoloji, \u00f6zellikle kaynak a\u011f\u0131zlar\u0131n\u0131n hassas a\u00e7\u0131larda haz\u0131rlanmas\u0131 gereken projelerde b\u00fcy\u00fck avantaj sa\u011flar.<\/p>\n\n\n\n<p><a class=\"\" href=\"https:\/\/hammerwelding.com.tr\">Lazer kesim hizmetlerimiz<\/a>, otomotiv, savunma sanayi, \u00e7elik konstr\u00fcksiyon ve a\u011f\u0131r sanayi gibi bir\u00e7ok sekt\u00f6re \u00e7\u00f6z\u00fcm sunmaktad\u0131r. Temiz kesim y\u00fczeyleri sayesinde ikinci bir tesviye veya temizlik i\u015flemine gerek kalmadan par\u00e7alar do\u011frudan montaja uygun hale gelir.<\/p>\n\n\n\n<p>Y\u00fcksek h\u0131z, d\u00fc\u015f\u00fck tolerans, minimum malzeme kayb\u0131 ve esnek \u00fcretim kapasitesi gibi avantajlar ile <a class=\"\" href=\"https:\/\/hammerwelding.com.tr\">lazer kesim \u00e7\u00f6z\u00fcmlerimiz<\/a> hem zaman hem de maliyet a\u00e7\u0131s\u0131ndan optimum performans sunar.<\/p>\n\t\t\t\t\t\t\t\t<\/div>\n\t\t\t\t<\/div>\n\t\t\t\t<div class=\"elementor-element elementor-element-f731504 elementor-widget elementor-widget-text-editor\" data-id=\"f731504\" data-element_type=\"widget\" data-e-type=\"widget\" data-widget_type=\"text-editor.default\">\n\t\t\t\t<div class=\"elementor-widget-container\">\n\t\t\t\t\t\t\t\t\t<p>Keskin \u00c7izgiler, Net Sonu\u00e7lar.<\/p>\t\t\t\t\t\t\t\t<\/div>\n\t\t\t\t<\/div>\n\t\t\t\t\t<\/div>\n\t\t\t\t<\/div>\n\t\t<div class=\"elementor-element elementor-element-5d3a559 e-flex e-con-boxed e-con e-parent\" data-id=\"5d3a559\" data-element_type=\"container\" data-e-type=\"container\">\n\t\t\t\t\t<div class=\"e-con-inner\">\n\t\t\t\t\t<\/div>\n\t\t\t\t<\/div>\n\t\t\t\t<\/div>\n\t\t","protected":false},"excerpt":{"rendered":"<p>Milimetrik Hassasiyet Hammer Welding, lazer kesim hizmetlerinde sahip oldu\u011fu 5 farkl\u0131 boyutta lazer kesim makinesi ile sekt\u00f6rde fark yaratmaktad\u0131r. 4000 m\u00b2 kapal\u0131 alana sahip \u00fcretim tesisimizde, y\u00fcksek hassasiyetli lazer kesim i\u015flemleri 7\/24 \u00fcretim kapasitesiyle ger\u00e7ekle\u015ftirilmektedir. Lazer kesim makinelerimiz, 1 mm ile 50 mm aras\u0131 kal\u0131nl\u0131ktaki saclar\u0131 i\u015fleyebilmekte ve a\u00e7\u0131l\u0131 lazer kesim teknolojisi ile 1\u00b0 ile [&hellip;]<\/p>\n","protected":false},"author":1,"featured_media":262,"parent":360,"menu_order":0,"comment_status":"closed","ping_status":"closed","template":"","meta":{"footnotes":""},"class_list":["post-261","page","type-page","status-publish","has-post-thumbnail","hentry"],"_links":{"self":[{"href":"https:\/\/hammerwelding.com.tr\/index.php\/wp-json\/wp\/v2\/pages\/261","targetHints":{"allow":["GET"]}}],"collection":[{"href":"https:\/\/hammerwelding.com.tr\/index.php\/wp-json\/wp\/v2\/pages"}],"about":[{"href":"https:\/\/hammerwelding.com.tr\/index.php\/wp-json\/wp\/v2\/types\/page"}],"author":[{"embeddable":true,"href":"https:\/\/hammerwelding.com.tr\/index.php\/wp-json\/wp\/v2\/users\/1"}],"replies":[{"embeddable":true,"href":"https:\/\/hammerwelding.com.tr\/index.php\/wp-json\/wp\/v2\/comments?post=261"}],"version-history":[{"count":7,"href":"https:\/\/hammerwelding.com.tr\/index.php\/wp-json\/wp\/v2\/pages\/261\/revisions"}],"predecessor-version":[{"id":280,"href":"https:\/\/hammerwelding.com.tr\/index.php\/wp-json\/wp\/v2\/pages\/261\/revisions\/280"}],"up":[{"embeddable":true,"href":"https:\/\/hammerwelding.com.tr\/index.php\/wp-json\/wp\/v2\/pages\/360"}],"wp:featuredmedia":[{"embeddable":true,"href":"https:\/\/hammerwelding.com.tr\/index.php\/wp-json\/wp\/v2\/media\/262"}],"wp:attachment":[{"href":"https:\/\/hammerwelding.com.tr\/index.php\/wp-json\/wp\/v2\/media?parent=261"}],"curies":[{"name":"wp","href":"https:\/\/api.w.org\/{rel}","templated":true}]}}